{"id":13577,"date":"2018-02-01T10:45:27","date_gmt":"2018-02-01T09:45:27","guid":{"rendered":"http:\/\/isr.fbk.eu\/?page_id=13577"},"modified":"2023-02-06T14:43:07","modified_gmt":"2023-02-06T13:43:07","slug":"former-directors","status":"publish","type":"page","link":"https:\/\/isr.fbk.eu\/en\/about-us\/history\/former-directors\/","title":{"rendered":"Former Directors"},"content":{"rendered":"<p><b><img loading=\"lazy\" decoding=\"async\" class=\"size-medium wp-image-398 alignleft\" src=\"http:\/\/isr.fbk.eu\/wp-content\/uploads\/2017\/08\/IRogger-300x300.jpg\" alt=\"\" width=\"300\" height=\"300\" srcset=\"https:\/\/isr.fbk.eu\/wp-content\/uploads\/2017\/08\/IRogger-300x300.jpg 300w, https:\/\/isr.fbk.eu\/wp-content\/uploads\/2017\/08\/IRogger-150x150.jpg 150w, https:\/\/isr.fbk.eu\/wp-content\/uploads\/2017\/08\/IRogger-1024x1024.jpg 1024w, https:\/\/isr.fbk.eu\/wp-content\/uploads\/2017\/08\/IRogger-600x600.jpg 600w\" sizes=\"auto, (max-width: 300px) 100vw, 300px\" \/><\/b><\/p>\n<p><strong>IGINIO ROGGER<\/strong><\/p>\n<p>Presbitero e storico italiano, studioso della storia della Chiesa trentina (1919-2014 ). Nel 1975 fond\u00f2 l&#8217;ISR presso l&#8217;Istituto trentino di cultura e ne \u00e8 stato Direttore fino al 1997.<\/p>\n<p>&nbsp;<\/p>\n<p>&nbsp;<\/p>\n<p>&nbsp;<\/p>\n<p>&nbsp;<\/p>\n<p>&nbsp;<\/p>\n<hr \/>\n<p><strong><img loading=\"lazy\" decoding=\"async\" class=\"size-medium wp-image-396 alignleft\" src=\"http:\/\/isr.fbk.eu\/wp-content\/uploads\/2017\/08\/AAutiero-300x300.jpg\" alt=\"\" width=\"300\" height=\"300\" srcset=\"https:\/\/isr.fbk.eu\/wp-content\/uploads\/2017\/08\/AAutiero-300x300.jpg 300w, https:\/\/isr.fbk.eu\/wp-content\/uploads\/2017\/08\/AAutiero-150x150.jpg 150w, https:\/\/isr.fbk.eu\/wp-content\/uploads\/2017\/08\/AAutiero-1024x1024.jpg 1024w, https:\/\/isr.fbk.eu\/wp-content\/uploads\/2017\/08\/AAutiero-600x600.jpg 600w\" sizes=\"auto, (max-width: 300px) 100vw, 300px\" \/><\/strong><\/p>\n<p><strong>ANTONIO AUTIERO<\/strong><\/p>\n<p>Nato a Napoli nel 1948, ha studiato filosofia e teologia a Napoli e a Roma, conseguendo la laurea in Filosofia (Istituto Universitario Orientale, Napoli) e il dottorato in Teologia morale (Accademia Alfonsiana &#8211; Universit\u00e0 Lateranense, Roma). Dopo i primi anni di insegnamento alla Facolt\u00e0 Teologica di Napoli e alla Pontificia Universit\u00e0 S. Tommaso d\u2019Aquino a Roma, ha iniziato nel 1983 un progetto di ricerca come borsista della Fondazione Alexander-von-Humboldt all\u2019universit\u00e0 di Bonn, dove ha poi insegnato come docente incaricato fino al 1990. Dal 1991 al 2013 \u00e8 stato professore ordinario di teologia morale all\u2019Universit\u00e0 di M\u00fcnster. Dal 1997 al 2011 \u00e8 stato direttore del Centro per le scienze religiose della Fondazione Bruno Kessler di Trento.<\/p>\n<p>&nbsp;<\/p>\n<hr \/>\n<p><strong><img loading=\"lazy\" decoding=\"async\" class=\"size-medium wp-image-394 alignleft\" src=\"http:\/\/isr.fbk.eu\/wp-content\/uploads\/2017\/08\/ABondolfi-300x300.jpg\" alt=\"\" width=\"300\" height=\"300\" srcset=\"https:\/\/isr.fbk.eu\/wp-content\/uploads\/2017\/08\/ABondolfi-300x300.jpg 300w, https:\/\/isr.fbk.eu\/wp-content\/uploads\/2017\/08\/ABondolfi-150x150.jpg 150w, https:\/\/isr.fbk.eu\/wp-content\/uploads\/2017\/08\/ABondolfi-1024x1024.jpg 1024w, https:\/\/isr.fbk.eu\/wp-content\/uploads\/2017\/08\/ABondolfi-600x600.jpg 600w\" sizes=\"auto, (max-width: 300px) 100vw, 300px\" \/>ALBERTO BONDOLFI<\/strong><\/p>\n<p>Alberto Bondolfi ha guidato il Centro per le Scienze Religiose (ISR) dal febbraio 2012 al dicembre 2015, affiancato per un primo periodo dal Comitato di Indirizzo del Centro stesso, composto dai proff. Jean-Dominique Durand (Lyon), Jeffrey Haynes (London), Adriano Prosperi (Pisa), Stefano Semplici (Roma). In questo triennio il Centro ha orientato la propria attivit\u00e0 lungo due assi di ricerca principali: l&#8217;<strong>Etica applicata<\/strong>\u00a0e il\u00a0<strong>Dialogo interreligioso<\/strong>. Si sono cos\u00ec sviluppati due progetti di ricerca collettiva che, sotto la guida di Alberto Bondolfi, hanno affrontato rispettivamente il tema dell\u2019Etica tra narrazione e argomentazione\u00a0e quello riguardante le\u00a0Forme e pratiche del credere in una modernit\u00e0 secolare e pluralista. A conclusione del suo mandato, il prof. Bondolfi ha salutato la comunit\u00e0 di FBK con una lezione di congedo dal titolo <a href=\"https:\/\/isr.fbk.eu\/it\/eventi\/18-febbraio-2016-lezione-di-congedo-del-prof-alberto-bondolfi-morale-religione-e-diritto\">Morale, religione e diritto.\u00a0Una relazione complessa, meditata a partire da esperienze autobiografiche<\/a>.<\/p>\n<p>&nbsp;<\/p>\n<hr \/>\n<p><!--more--><img loading=\"lazy\" decoding=\"async\" class=\"size-medium wp-image-375 alignleft\" src=\"https:\/\/isr.fbk.eu\/wp-content\/uploads\/2017\/07\/MVentura-300x300.jpg\" alt=\"\" width=\"300\" height=\"300\" srcset=\"https:\/\/isr.fbk.eu\/wp-content\/uploads\/2017\/07\/MVentura-300x300.jpg 300w, https:\/\/isr.fbk.eu\/wp-content\/uploads\/2017\/07\/MVentura-150x150.jpg 150w, https:\/\/isr.fbk.eu\/wp-content\/uploads\/2017\/07\/MVentura-1024x1024.jpg 1024w, https:\/\/isr.fbk.eu\/wp-content\/uploads\/2017\/07\/MVentura-600x600.jpg 600w, https:\/\/isr.fbk.eu\/wp-content\/uploads\/2017\/07\/MVentura.jpg 200w\" sizes=\"auto, (max-width: 300px) 100vw, 300px\" \/><strong>MARCO VENTURA<\/strong><\/p>\n<p>Marco Ventura, jurist, is full professor (professore ordianrio) at the Department of Social, Political and Cognitive Sciences at the University of Siena.<br \/>\nAfter a PhD at the University of Strasbourg he has visited the universities of London (UCL), Oxford, Strasbourg, Brussels (ULB), the Centro de Forma\u00e7\u00e3o Jur\u00eddica e Judici\u00e1ria of Macau, the Indian Law Institute in Delhi, the University of Cape Town, Al-Akhawayn University in Morocco and the International Center for Law and Religion Studies at Brigham Young University. He was a professor (hoogleraar) at the Faculty of Canon Law of Katholieke Universiteit Leuven from October 2012 to September 2015. From 2013 to 2015 he visited Vietnam as an expert in the dialogue between the European Union and the Vietnamese Committee on Religious Affairs. From January 2016 to December 2021 he was Director of the Centre for Religious Sciences at the Bruno Kessler Foundation.<\/p>\n<p>He is a member of the European Consortium for Church and State Research and of the Centre for Droit, Religion, Entreprise et Societ\u00e9 at the University of Strasbourg and CNRS the Editorial Board of the Ecclesiastical Law Journal (Cambridge University Press).<\/p>\n<p>&nbsp;<\/p>\n","protected":false},"excerpt":{"rendered":"<p>IGINIO ROGGER Presbitero e storico italiano, studioso della storia della Chiesa trentina (1919-2014 ). Nel 1975 fond\u00f2 l&#8217;ISR presso l&#8217;Istituto trentino di cultura e ne \u00e8 stato Direttore fino al 1997. &nbsp; &nbsp; &nbsp; &nbsp; &nbsp; ANTONIO AUTIERO Nato a Napoli nel 1948, ha studiato filosofia e teologia a Napoli e a Roma, conseguendo la [&hellip;]<\/p>\n","protected":false},"author":6,"featured_media":0,"parent":14,"menu_order":0,"comment_status":"closed","ping_status":"closed","template":"","meta":{"footnotes":""},"class_list":["post-13577","page","type-page","status-publish","hentry"],"yoast_head":"<!-- This site is optimized with the Yoast SEO plugin v27.3 - https:\/\/yoast.com\/product\/yoast-seo-wordpress\/ -->\n<title>Former Directors - FBK ISR<\/title>\n<meta name=\"robots\" content=\"index, follow, max-snippet:-1, max-image-preview:large, max-video-preview:-1\" \/>\n<link rel=\"canonical\" href=\"https:\/\/isr.fbk.eu\/en\/about-us\/history\/former-directors\/\" \/>\n<meta property=\"og:locale\" content=\"en_US\" \/>\n<meta property=\"og:type\" content=\"article\" \/>\n<meta property=\"og:url\" content=\"https:\/\/isr.fbk.eu\/en\/about-us\/history\/former-directors\/\" \/>\n<meta property=\"og:site_name\" content=\"FBK ISR\" \/>\n<meta property=\"article:modified_time\" content=\"2023-02-06T13:43:07+00:00\" \/>\n<meta property=\"og:image\" content=\"http:\/\/isr.fbk.eu\/wp-content\/uploads\/2017\/08\/IRogger-300x300.jpg\" \/>\n<meta name=\"twitter:card\" content=\"summary_large_image\" \/>\n<meta name=\"twitter:label1\" content=\"Est. reading time\" \/>\n\t<meta name=\"twitter:data1\" content=\"2 minutes\" \/>\n<script type=\"application\/ld+json\" class=\"yoast-schema-graph\">{\"@context\":\"https:\\\/\\\/schema.org\",\"@graph\":[{\"@type\":\"WebPage\",\"@id\":\"https:\\\/\\\/isr.fbk.eu\\\/en\\\/about-us\\\/history\\\/former-directors\\\/\",\"url\":\"https:\\\/\\\/isr.fbk.eu\\\/en\\\/about-us\\\/history\\\/former-directors\\\/\",\"name\":\"Former Directors - FBK ISR\",\"isPartOf\":{\"@id\":\"https:\\\/\\\/isr.fbk.eu\\\/it\\\/#website\"},\"primaryImageOfPage\":{\"@id\":\"https:\\\/\\\/isr.fbk.eu\\\/en\\\/about-us\\\/history\\\/former-directors\\\/#primaryimage\"},\"image\":{\"@id\":\"https:\\\/\\\/isr.fbk.eu\\\/en\\\/about-us\\\/history\\\/former-directors\\\/#primaryimage\"},\"thumbnailUrl\":\"http:\\\/\\\/isr.fbk.eu\\\/wp-content\\\/uploads\\\/2017\\\/08\\\/IRogger-300x300.jpg\",\"datePublished\":\"2018-02-01T09:45:27+00:00\",\"dateModified\":\"2023-02-06T13:43:07+00:00\",\"breadcrumb\":{\"@id\":\"https:\\\/\\\/isr.fbk.eu\\\/en\\\/about-us\\\/history\\\/former-directors\\\/#breadcrumb\"},\"inLanguage\":\"en-US\",\"potentialAction\":[{\"@type\":\"ReadAction\",\"target\":[\"https:\\\/\\\/isr.fbk.eu\\\/en\\\/about-us\\\/history\\\/former-directors\\\/\"]}]},{\"@type\":\"ImageObject\",\"inLanguage\":\"en-US\",\"@id\":\"https:\\\/\\\/isr.fbk.eu\\\/en\\\/about-us\\\/history\\\/former-directors\\\/#primaryimage\",\"url\":\"http:\\\/\\\/isr.fbk.eu\\\/wp-content\\\/uploads\\\/2017\\\/08\\\/IRogger-300x300.jpg\",\"contentUrl\":\"http:\\\/\\\/isr.fbk.eu\\\/wp-content\\\/uploads\\\/2017\\\/08\\\/IRogger-300x300.jpg\"},{\"@type\":\"BreadcrumbList\",\"@id\":\"https:\\\/\\\/isr.fbk.eu\\\/en\\\/about-us\\\/history\\\/former-directors\\\/#breadcrumb\",\"itemListElement\":[{\"@type\":\"ListItem\",\"position\":1,\"name\":\"Home\",\"item\":\"https:\\\/\\\/isr.fbk.eu\\\/en\\\/\"},{\"@type\":\"ListItem\",\"position\":2,\"name\":\"About us\",\"item\":\"https:\\\/\\\/isr.fbk.eu\\\/en\\\/about-us\\\/\"},{\"@type\":\"ListItem\",\"position\":3,\"name\":\"History\",\"item\":\"https:\\\/\\\/isr.fbk.eu\\\/en\\\/about-us\\\/history\\\/\"},{\"@type\":\"ListItem\",\"position\":4,\"name\":\"Former Directors\"}]},{\"@type\":\"WebSite\",\"@id\":\"https:\\\/\\\/isr.fbk.eu\\\/it\\\/#website\",\"url\":\"https:\\\/\\\/isr.fbk.eu\\\/it\\\/\",\"name\":\"FBK ISR\",\"description\":\"Just another WordPress site\",\"potentialAction\":[{\"@type\":\"SearchAction\",\"target\":{\"@type\":\"EntryPoint\",\"urlTemplate\":\"https:\\\/\\\/isr.fbk.eu\\\/it\\\/?s={search_term_string}\"},\"query-input\":{\"@type\":\"PropertyValueSpecification\",\"valueRequired\":true,\"valueName\":\"search_term_string\"}}],\"inLanguage\":\"en-US\"}]}<\/script>\n<!-- \/ Yoast SEO plugin. -->","yoast_head_json":{"title":"Former Directors - FBK ISR","robots":{"index":"index","follow":"follow","max-snippet":"max-snippet:-1","max-image-preview":"max-image-preview:large","max-video-preview":"max-video-preview:-1"},"canonical":"https:\/\/isr.fbk.eu\/en\/about-us\/history\/former-directors\/","og_locale":"en_US","og_type":"article","og_url":"https:\/\/isr.fbk.eu\/en\/about-us\/history\/former-directors\/","og_site_name":"FBK ISR","article_modified_time":"2023-02-06T13:43:07+00:00","og_image":[{"url":"http:\/\/isr.fbk.eu\/wp-content\/uploads\/2017\/08\/IRogger-300x300.jpg","type":"","width":"","height":""}],"twitter_card":"summary_large_image","twitter_misc":{"Est. reading time":"2 minutes"},"schema":{"@context":"https:\/\/schema.org","@graph":[{"@type":"WebPage","@id":"https:\/\/isr.fbk.eu\/en\/about-us\/history\/former-directors\/","url":"https:\/\/isr.fbk.eu\/en\/about-us\/history\/former-directors\/","name":"Former Directors - FBK ISR","isPartOf":{"@id":"https:\/\/isr.fbk.eu\/it\/#website"},"primaryImageOfPage":{"@id":"https:\/\/isr.fbk.eu\/en\/about-us\/history\/former-directors\/#primaryimage"},"image":{"@id":"https:\/\/isr.fbk.eu\/en\/about-us\/history\/former-directors\/#primaryimage"},"thumbnailUrl":"http:\/\/isr.fbk.eu\/wp-content\/uploads\/2017\/08\/IRogger-300x300.jpg","datePublished":"2018-02-01T09:45:27+00:00","dateModified":"2023-02-06T13:43:07+00:00","breadcrumb":{"@id":"https:\/\/isr.fbk.eu\/en\/about-us\/history\/former-directors\/#breadcrumb"},"inLanguage":"en-US","potentialAction":[{"@type":"ReadAction","target":["https:\/\/isr.fbk.eu\/en\/about-us\/history\/former-directors\/"]}]},{"@type":"ImageObject","inLanguage":"en-US","@id":"https:\/\/isr.fbk.eu\/en\/about-us\/history\/former-directors\/#primaryimage","url":"http:\/\/isr.fbk.eu\/wp-content\/uploads\/2017\/08\/IRogger-300x300.jpg","contentUrl":"http:\/\/isr.fbk.eu\/wp-content\/uploads\/2017\/08\/IRogger-300x300.jpg"},{"@type":"BreadcrumbList","@id":"https:\/\/isr.fbk.eu\/en\/about-us\/history\/former-directors\/#breadcrumb","itemListElement":[{"@type":"ListItem","position":1,"name":"Home","item":"https:\/\/isr.fbk.eu\/en\/"},{"@type":"ListItem","position":2,"name":"About us","item":"https:\/\/isr.fbk.eu\/en\/about-us\/"},{"@type":"ListItem","position":3,"name":"History","item":"https:\/\/isr.fbk.eu\/en\/about-us\/history\/"},{"@type":"ListItem","position":4,"name":"Former Directors"}]},{"@type":"WebSite","@id":"https:\/\/isr.fbk.eu\/it\/#website","url":"https:\/\/isr.fbk.eu\/it\/","name":"FBK ISR","description":"Just another WordPress site","potentialAction":[{"@type":"SearchAction","target":{"@type":"EntryPoint","urlTemplate":"https:\/\/isr.fbk.eu\/it\/?s={search_term_string}"},"query-input":{"@type":"PropertyValueSpecification","valueRequired":true,"valueName":"search_term_string"}}],"inLanguage":"en-US"}]}},"meta_box":{"_more_label":"","_more_page":"","_top_contents":"","_bottom_contents":"","_styles":"","_primary_highlights":[{"target":"_self","layout":"align-center","size":"half"}],"_secondary_highlights":[{"target":"_self"}],"_homepage_shortcuts":[{"section_shortcuts":[{"shortcut_link":{"shortcut_link_target":"_self"}}]}],"_homepage_call_to_action":{"destination_target":"_self"},"_highlights_limit":"","_highlights_page":"","_events_limit":"4","_events_page":"","_news_limit":"4","_news_page":"","_contacts_locations_sections":[{"entries":[{"entry_thumbnail":{"entry_thumbnail_mode":"image"}}]}],"type":"fbkevent","category":[],"ordering":"","_past_projects_style":"default","_projects":[{"style":"default"}],"_sections":[],"_network_and_partners_sections":[],"_tabbed_contents_sections":[],"_blocks":[{"block_thumbnail":{"block_thumbnail_mode":"none"},"links":[{"link_target":"_self"}]}],"_blocks_navigation":"","_latest_publications_limit":"3","_latest_publications_style":"default","_latest_publications_entries":[{"entry_type":"page"}],"_publications_highlights":[{"publication_type":"none"}],"_publications_custom":[],"_publications_filters_years":"","_publications_filters_number_of_years":"","_publications_filters_from_year":"2018","_publications_filters_until_year":"2018","_publications_filters_count":"","_sidebar":"","_outline":"","_outline_title":"","_page_list_by_areas_display_mode":"","_page_list_by_areas_area":[],"_area":"","_areas_overview_directors":[],"_areas_overview_managers_status":"all","_areas_overview_managers_mode":"automatic","_areas_overview_managers":[],"_areas_overview_heads_status":"all","_areas_overview_heads_mode":"automatic","_areas_overview_heads":[],"_areas_overview_people_status":"all","_areas_overview_people_mode":"automatic","_areas_overview_people":[],"_area_units_mode":"automatic","_area_units_posts":[]},"_links":{"self":[{"href":"https:\/\/isr.fbk.eu\/en\/wp-json\/wp\/v2\/pages\/13577","targetHints":{"allow":["GET"]}}],"collection":[{"href":"https:\/\/isr.fbk.eu\/en\/wp-json\/wp\/v2\/pages"}],"about":[{"href":"https:\/\/isr.fbk.eu\/en\/wp-json\/wp\/v2\/types\/page"}],"author":[{"embeddable":true,"href":"https:\/\/isr.fbk.eu\/en\/wp-json\/wp\/v2\/users\/6"}],"replies":[{"embeddable":true,"href":"https:\/\/isr.fbk.eu\/en\/wp-json\/wp\/v2\/comments?post=13577"}],"version-history":[{"count":0,"href":"https:\/\/isr.fbk.eu\/en\/wp-json\/wp\/v2\/pages\/13577\/revisions"}],"up":[{"embeddable":true,"href":"https:\/\/isr.fbk.eu\/en\/wp-json\/wp\/v2\/pages\/14"}],"wp:attachment":[{"href":"https:\/\/isr.fbk.eu\/en\/wp-json\/wp\/v2\/media?parent=13577"}],"curies":[{"name":"wp","href":"https:\/\/api.w.org\/{rel}","templated":true}]}}