{"id":13579,"date":"2018-02-01T10:45:27","date_gmt":"2018-02-01T09:45:27","guid":{"rendered":"http:\/\/isr.fbk.eu\/about-us\/history\/former-directors\/"},"modified":"2023-02-06T14:42:29","modified_gmt":"2023-02-06T13:42:29","slug":"ex-direttori","status":"publish","type":"page","link":"https:\/\/isr.fbk.eu\/it\/chi-siamo\/storia\/ex-direttori\/","title":{"rendered":"Ex Direttori"},"content":{"rendered":"<p><b><img loading=\"lazy\" decoding=\"async\" class=\"size-medium wp-image-398 alignleft\" src=\"http:\/\/isr.fbk.eu\/wp-content\/uploads\/2017\/08\/IRogger-300x300.jpg\" alt=\"\" width=\"300\" height=\"300\" srcset=\"https:\/\/isr.fbk.eu\/wp-content\/uploads\/2017\/08\/IRogger-300x300.jpg 300w, https:\/\/isr.fbk.eu\/wp-content\/uploads\/2017\/08\/IRogger-150x150.jpg 150w, https:\/\/isr.fbk.eu\/wp-content\/uploads\/2017\/08\/IRogger-1024x1024.jpg 1024w, https:\/\/isr.fbk.eu\/wp-content\/uploads\/2017\/08\/IRogger-600x600.jpg 600w\" sizes=\"auto, (max-width: 300px) 100vw, 300px\" \/><\/b><\/p>\n<p><strong>IGINIO ROGGER<\/strong><\/p>\n<p>Presbitero e storico italiano, studioso della storia della Chiesa trentina (1919-2014 ). Nel <strong>1975<\/strong> fond\u00f2 l&#8217;ISR presso l&#8217;Istituto trentino di cultura e ne \u00e8 stato Direttore fino al 1997.<\/p>\n<p>&nbsp;<\/p>\n<p>&nbsp;<\/p>\n<p>&nbsp;<\/p>\n<p>&nbsp;<\/p>\n<p>&nbsp;<\/p>\n<hr \/>\n<p><strong><img loading=\"lazy\" decoding=\"async\" class=\"size-medium wp-image-396 alignleft\" src=\"http:\/\/isr.fbk.eu\/wp-content\/uploads\/2017\/08\/AAutiero-300x300.jpg\" alt=\"\" width=\"300\" height=\"300\" srcset=\"https:\/\/isr.fbk.eu\/wp-content\/uploads\/2017\/08\/AAutiero-300x300.jpg 300w, https:\/\/isr.fbk.eu\/wp-content\/uploads\/2017\/08\/AAutiero-150x150.jpg 150w, https:\/\/isr.fbk.eu\/wp-content\/uploads\/2017\/08\/AAutiero-1024x1024.jpg 1024w, https:\/\/isr.fbk.eu\/wp-content\/uploads\/2017\/08\/AAutiero-600x600.jpg 600w\" sizes=\"auto, (max-width: 300px) 100vw, 300px\" \/><\/strong><\/p>\n<p><strong>ANTONIO AUTIERO<\/strong><\/p>\n<p>Nato a Napoli nel 1948, ha studiato filosofia e teologia a Napoli e a Roma, conseguendo la laurea in Filosofia (Istituto Universitario Orientale, Napoli) e il dottorato in Teologia morale (Accademia Alfonsiana &#8211; Universit\u00e0 Lateranense, Roma). Dopo i primi anni di insegnamento alla Facolt\u00e0 Teologica di Napoli e alla Pontificia Universit\u00e0 S. Tommaso d\u2019Aquino a Roma, ha iniziato nel 1983 un progetto di ricerca come borsista della Fondazione Alexander-von-Humboldt all\u2019universit\u00e0 di Bonn, dove ha poi insegnato come docente incaricato fino al 1990. Dal 1991 al 2013 \u00e8 stato professore ordinario di teologia morale all\u2019Universit\u00e0 di M\u00fcnster. Dal 1997 al 2011 \u00e8 stato direttore del Centro per le scienze religiose della Fondazione Bruno Kessler di Trento.<\/p>\n<p>&nbsp;<\/p>\n<hr \/>\n<p><strong><img loading=\"lazy\" decoding=\"async\" class=\"size-medium wp-image-394 alignleft\" src=\"http:\/\/isr.fbk.eu\/wp-content\/uploads\/2017\/08\/ABondolfi-300x300.jpg\" alt=\"\" width=\"300\" height=\"300\" srcset=\"https:\/\/isr.fbk.eu\/wp-content\/uploads\/2017\/08\/ABondolfi-300x300.jpg 300w, https:\/\/isr.fbk.eu\/wp-content\/uploads\/2017\/08\/ABondolfi-150x150.jpg 150w, https:\/\/isr.fbk.eu\/wp-content\/uploads\/2017\/08\/ABondolfi-1024x1024.jpg 1024w, https:\/\/isr.fbk.eu\/wp-content\/uploads\/2017\/08\/ABondolfi-600x600.jpg 600w\" sizes=\"auto, (max-width: 300px) 100vw, 300px\" \/><\/strong><\/p>\n<p><strong>ALBERTO BONDOLFI<\/strong><\/p>\n<p>Alberto Bondolfi ha guidato il Centro per le Scienze Religiose (ISR) dal febbraio 2012 al dicembre 2015, affiancato per un primo periodo dal Comitato di Indirizzo del Centro stesso, composto dai proff. Jean-Dominique Durand (Lyon), Jeffrey Haynes (London), Adriano Prosperi (Pisa), Stefano Semplici (Roma). In questo triennio il Centro ha orientato la propria attivit\u00e0 lungo due assi di ricerca principali: l&#8217;<strong>Etica applicata<\/strong>\u00a0e il\u00a0<strong>Dialogo interreligioso<\/strong>. Si sono cos\u00ec sviluppati due progetti di ricerca collettiva che, sotto la guida di Alberto Bondolfi, hanno affrontato rispettivamente il tema dell\u2019Etica tra narrazione e argomentazione\u00a0e quello riguardante le\u00a0Forme e pratiche del credere in una modernit\u00e0 secolare e pluralista. A conclusione del suo mandato, il prof. Bondolfi ha salutato la comunit\u00e0 di FBK con una lezione di congedo dal titolo <a href=\"https:\/\/isr.fbk.eu\/it\/eventi\/18-febbraio-2016-lezione-di-congedo-del-prof-alberto-bondolfi-morale-religione-e-diritto\">Morale, religione e diritto.\u00a0Una relazione complessa, meditata a partire da esperienze autobiografiche<\/a>.<\/p>\n<p>&nbsp;<\/p>\n<hr \/>\n<p><img loading=\"lazy\" decoding=\"async\" class=\"size-medium wp-image-375 alignleft\" src=\"https:\/\/isr.fbk.eu\/wp-content\/uploads\/2017\/07\/MVentura-300x300.jpg\" alt=\"\" width=\"300\" height=\"300\" srcset=\"https:\/\/isr.fbk.eu\/wp-content\/uploads\/2017\/07\/MVentura-300x300.jpg 300w, https:\/\/isr.fbk.eu\/wp-content\/uploads\/2017\/07\/MVentura-150x150.jpg 150w, https:\/\/isr.fbk.eu\/wp-content\/uploads\/2017\/07\/MVentura-1024x1024.jpg 1024w, https:\/\/isr.fbk.eu\/wp-content\/uploads\/2017\/07\/MVentura-600x600.jpg 600w, https:\/\/isr.fbk.eu\/wp-content\/uploads\/2017\/07\/MVentura.jpg 200w\" sizes=\"auto, (max-width: 300px) 100vw, 300px\" \/><\/p>\n<p><strong>MARCO VENTURA<\/strong><\/p>\n<p>Marco Ventura, giurista, \u00e8 professore ordinario presso il Dipartimento di Scienze Sociali, Politiche e Cognitive dell&#8217;Universit\u00e0 di Siena. Dopo un dottorato di ricerca in diritto canonico e diritto delle religioni presso l&#8217;Universit\u00e0 di Strasburgo, ha frequentato le Universit\u00e0 di Londra (UCL), Oxford, Strasburgo, Bruxelles (ULB), il Centro de Forma\u00e7\u00e3o Jur\u00eddica e Judici\u00e1ria di Macao (Cina), l&#8217;Indian Law Institute di Delhi, la University of Cape Town, la Al-Akhawayn University di Ifrane (Marocco) e l&#8217;International Center for Law and Religion Studies presso la Brigham Young University. Dall&#8217;ottobre 2012 al settembre 2015 \u00e8 stato professore (hoogleraar) presso la Facolt\u00e0 di Diritto canonico della Katholieke Universiteit Leuven. Dal 2013 al 2015 \u00e8 stato in Vietnam come esperto nel dialogo strategico tra Unione europea e governo vietnamita. Dal gennaio 2016 al dicembre 2021 \u00e8 stato Direttore del Centro per le Scienze Religiose della Fondazione Bruno Kessler.<\/p>\n<p>\u00c8 membro dell\u2019European Consortium for Church and State Research e del centro Droit, Religion, Entreprise et Societ\u00e9 (DRES) dell\u2019Universit\u00e0 di Strasburgo e del CNR francese (CNRS). \u00c8 inoltre membro di vari comitati scientifici ed editoriali, tra cui l\u2019Editorial Board dell\u2019\u201cEcclesiastical Law Journal\u201d (Cambridge University Press).<\/p>\n<hr \/>\n<p>&nbsp;<\/p>\n","protected":false},"excerpt":{"rendered":"<p>IGINIO ROGGER Presbitero e storico italiano, studioso della storia della Chiesa trentina (1919-2014 ). Nel 1975 fond\u00f2 l&#8217;ISR presso l&#8217;Istituto trentino di cultura e ne \u00e8 stato Direttore fino al 1997. &nbsp; &nbsp; &nbsp; &nbsp; &nbsp; ANTONIO AUTIERO Nato a Napoli nel 1948, ha studiato filosofia e teologia a Napoli e a Roma, conseguendo la [&hellip;]<\/p>\n","protected":false},"author":6,"featured_media":0,"parent":13594,"menu_order":0,"comment_status":"closed","ping_status":"closed","template":"","meta":{"footnotes":""},"class_list":["post-13579","page","type-page","status-publish","hentry"],"yoast_head":"<!-- This site is optimized with the Yoast SEO plugin v27.3 - https:\/\/yoast.com\/product\/yoast-seo-wordpress\/ -->\n<title>Ex Direttori - FBK ISR<\/title>\n<meta name=\"robots\" content=\"index, follow, max-snippet:-1, max-image-preview:large, max-video-preview:-1\" \/>\n<link rel=\"canonical\" href=\"https:\/\/isr.fbk.eu\/it\/chi-siamo\/storia\/ex-direttori\/\" \/>\n<meta property=\"og:locale\" content=\"it_IT\" \/>\n<meta property=\"og:type\" content=\"article\" \/>\n<meta property=\"og:url\" content=\"https:\/\/isr.fbk.eu\/it\/chi-siamo\/storia\/ex-direttori\/\" \/>\n<meta property=\"og:site_name\" content=\"FBK ISR\" \/>\n<meta property=\"article:modified_time\" content=\"2023-02-06T13:42:29+00:00\" \/>\n<meta property=\"og:image\" content=\"http:\/\/isr.fbk.eu\/wp-content\/uploads\/2017\/08\/IRogger-300x300.jpg\" \/>\n<meta name=\"twitter:card\" content=\"summary_large_image\" \/>\n<meta name=\"twitter:label1\" content=\"Tempo di lettura stimato\" \/>\n\t<meta name=\"twitter:data1\" content=\"2 minuti\" \/>\n<script type=\"application\/ld+json\" class=\"yoast-schema-graph\">{\"@context\":\"https:\\\/\\\/schema.org\",\"@graph\":[{\"@type\":\"WebPage\",\"@id\":\"https:\\\/\\\/isr.fbk.eu\\\/it\\\/chi-siamo\\\/storia\\\/ex-direttori\\\/\",\"url\":\"https:\\\/\\\/isr.fbk.eu\\\/it\\\/chi-siamo\\\/storia\\\/ex-direttori\\\/\",\"name\":\"Ex Direttori - FBK ISR\",\"isPartOf\":{\"@id\":\"https:\\\/\\\/isr.fbk.eu\\\/it\\\/#website\"},\"primaryImageOfPage\":{\"@id\":\"https:\\\/\\\/isr.fbk.eu\\\/it\\\/chi-siamo\\\/storia\\\/ex-direttori\\\/#primaryimage\"},\"image\":{\"@id\":\"https:\\\/\\\/isr.fbk.eu\\\/it\\\/chi-siamo\\\/storia\\\/ex-direttori\\\/#primaryimage\"},\"thumbnailUrl\":\"http:\\\/\\\/isr.fbk.eu\\\/wp-content\\\/uploads\\\/2017\\\/08\\\/IRogger-300x300.jpg\",\"datePublished\":\"2018-02-01T09:45:27+00:00\",\"dateModified\":\"2023-02-06T13:42:29+00:00\",\"breadcrumb\":{\"@id\":\"https:\\\/\\\/isr.fbk.eu\\\/it\\\/chi-siamo\\\/storia\\\/ex-direttori\\\/#breadcrumb\"},\"inLanguage\":\"it-IT\",\"potentialAction\":[{\"@type\":\"ReadAction\",\"target\":[\"https:\\\/\\\/isr.fbk.eu\\\/it\\\/chi-siamo\\\/storia\\\/ex-direttori\\\/\"]}]},{\"@type\":\"ImageObject\",\"inLanguage\":\"it-IT\",\"@id\":\"https:\\\/\\\/isr.fbk.eu\\\/it\\\/chi-siamo\\\/storia\\\/ex-direttori\\\/#primaryimage\",\"url\":\"http:\\\/\\\/isr.fbk.eu\\\/wp-content\\\/uploads\\\/2017\\\/08\\\/IRogger-300x300.jpg\",\"contentUrl\":\"http:\\\/\\\/isr.fbk.eu\\\/wp-content\\\/uploads\\\/2017\\\/08\\\/IRogger-300x300.jpg\"},{\"@type\":\"BreadcrumbList\",\"@id\":\"https:\\\/\\\/isr.fbk.eu\\\/it\\\/chi-siamo\\\/storia\\\/ex-direttori\\\/#breadcrumb\",\"itemListElement\":[{\"@type\":\"ListItem\",\"position\":1,\"name\":\"Home\",\"item\":\"https:\\\/\\\/isr.fbk.eu\\\/it\\\/\"},{\"@type\":\"ListItem\",\"position\":2,\"name\":\"Chi siamo\",\"item\":\"https:\\\/\\\/isr.fbk.eu\\\/it\\\/chi-siamo\\\/\"},{\"@type\":\"ListItem\",\"position\":3,\"name\":\"Storia\",\"item\":\"https:\\\/\\\/isr.fbk.eu\\\/it\\\/chi-siamo\\\/storia\\\/\"},{\"@type\":\"ListItem\",\"position\":4,\"name\":\"Ex Direttori\"}]},{\"@type\":\"WebSite\",\"@id\":\"https:\\\/\\\/isr.fbk.eu\\\/it\\\/#website\",\"url\":\"https:\\\/\\\/isr.fbk.eu\\\/it\\\/\",\"name\":\"FBK ISR\",\"description\":\"Just another WordPress site\",\"potentialAction\":[{\"@type\":\"SearchAction\",\"target\":{\"@type\":\"EntryPoint\",\"urlTemplate\":\"https:\\\/\\\/isr.fbk.eu\\\/it\\\/?s={search_term_string}\"},\"query-input\":{\"@type\":\"PropertyValueSpecification\",\"valueRequired\":true,\"valueName\":\"search_term_string\"}}],\"inLanguage\":\"it-IT\"}]}<\/script>\n<!-- \/ Yoast SEO plugin. -->","yoast_head_json":{"title":"Ex Direttori - FBK ISR","robots":{"index":"index","follow":"follow","max-snippet":"max-snippet:-1","max-image-preview":"max-image-preview:large","max-video-preview":"max-video-preview:-1"},"canonical":"https:\/\/isr.fbk.eu\/it\/chi-siamo\/storia\/ex-direttori\/","og_locale":"it_IT","og_type":"article","og_url":"https:\/\/isr.fbk.eu\/it\/chi-siamo\/storia\/ex-direttori\/","og_site_name":"FBK ISR","article_modified_time":"2023-02-06T13:42:29+00:00","og_image":[{"url":"http:\/\/isr.fbk.eu\/wp-content\/uploads\/2017\/08\/IRogger-300x300.jpg","type":"","width":"","height":""}],"twitter_card":"summary_large_image","twitter_misc":{"Tempo di lettura stimato":"2 minuti"},"schema":{"@context":"https:\/\/schema.org","@graph":[{"@type":"WebPage","@id":"https:\/\/isr.fbk.eu\/it\/chi-siamo\/storia\/ex-direttori\/","url":"https:\/\/isr.fbk.eu\/it\/chi-siamo\/storia\/ex-direttori\/","name":"Ex Direttori - FBK ISR","isPartOf":{"@id":"https:\/\/isr.fbk.eu\/it\/#website"},"primaryImageOfPage":{"@id":"https:\/\/isr.fbk.eu\/it\/chi-siamo\/storia\/ex-direttori\/#primaryimage"},"image":{"@id":"https:\/\/isr.fbk.eu\/it\/chi-siamo\/storia\/ex-direttori\/#primaryimage"},"thumbnailUrl":"http:\/\/isr.fbk.eu\/wp-content\/uploads\/2017\/08\/IRogger-300x300.jpg","datePublished":"2018-02-01T09:45:27+00:00","dateModified":"2023-02-06T13:42:29+00:00","breadcrumb":{"@id":"https:\/\/isr.fbk.eu\/it\/chi-siamo\/storia\/ex-direttori\/#breadcrumb"},"inLanguage":"it-IT","potentialAction":[{"@type":"ReadAction","target":["https:\/\/isr.fbk.eu\/it\/chi-siamo\/storia\/ex-direttori\/"]}]},{"@type":"ImageObject","inLanguage":"it-IT","@id":"https:\/\/isr.fbk.eu\/it\/chi-siamo\/storia\/ex-direttori\/#primaryimage","url":"http:\/\/isr.fbk.eu\/wp-content\/uploads\/2017\/08\/IRogger-300x300.jpg","contentUrl":"http:\/\/isr.fbk.eu\/wp-content\/uploads\/2017\/08\/IRogger-300x300.jpg"},{"@type":"BreadcrumbList","@id":"https:\/\/isr.fbk.eu\/it\/chi-siamo\/storia\/ex-direttori\/#breadcrumb","itemListElement":[{"@type":"ListItem","position":1,"name":"Home","item":"https:\/\/isr.fbk.eu\/it\/"},{"@type":"ListItem","position":2,"name":"Chi siamo","item":"https:\/\/isr.fbk.eu\/it\/chi-siamo\/"},{"@type":"ListItem","position":3,"name":"Storia","item":"https:\/\/isr.fbk.eu\/it\/chi-siamo\/storia\/"},{"@type":"ListItem","position":4,"name":"Ex Direttori"}]},{"@type":"WebSite","@id":"https:\/\/isr.fbk.eu\/it\/#website","url":"https:\/\/isr.fbk.eu\/it\/","name":"FBK ISR","description":"Just another WordPress site","potentialAction":[{"@type":"SearchAction","target":{"@type":"EntryPoint","urlTemplate":"https:\/\/isr.fbk.eu\/it\/?s={search_term_string}"},"query-input":{"@type":"PropertyValueSpecification","valueRequired":true,"valueName":"search_term_string"}}],"inLanguage":"it-IT"}]}},"meta_box":{"_more_label":"","_more_page":"","_top_contents":"","_bottom_contents":"","_styles":"","_primary_highlights":[{"target":"_self","layout":"align-center","size":"half"}],"_secondary_highlights":[{"target":"_self"}],"_homepage_shortcuts":[{"section_shortcuts":[{"shortcut_link":{"shortcut_link_target":"_self"}}]}],"_homepage_call_to_action":{"destination_target":"_self"},"_highlights_limit":"","_highlights_page":"","_events_limit":"4","_events_page":"","_news_limit":"4","_news_page":"","_contacts_locations_sections":[{"entries":[{"entry_thumbnail":{"entry_thumbnail_mode":"image"}}]}],"type":"fbkevent","category":[],"ordering":"","_past_projects_style":"default","_projects":[{"style":"default"}],"_sections":[],"_network_and_partners_sections":[],"_tabbed_contents_sections":[],"_blocks":[{"block_thumbnail":{"block_thumbnail_mode":"none"},"links":[{"link_target":"_self"}]}],"_blocks_navigation":"","_latest_publications_limit":"3","_latest_publications_style":"default","_latest_publications_entries":[{"entry_type":"page"}],"_publications_highlights":[{"publication_type":"none"}],"_publications_custom":[],"_publications_filters_years":"","_publications_filters_number_of_years":"","_publications_filters_from_year":"2018","_publications_filters_until_year":"2018","_publications_filters_count":"","_sidebar":"","_outline":"","_outline_title":"","_page_list_by_areas_display_mode":"","_page_list_by_areas_area":[],"_area":"","_areas_overview_directors":[],"_areas_overview_managers_status":"all","_areas_overview_managers_mode":"automatic","_areas_overview_managers":[],"_areas_overview_heads_status":"all","_areas_overview_heads_mode":"automatic","_areas_overview_heads":[],"_areas_overview_people_status":"all","_areas_overview_people_mode":"automatic","_areas_overview_people":[],"_area_units_mode":"automatic","_area_units_posts":[]},"_links":{"self":[{"href":"https:\/\/isr.fbk.eu\/it\/wp-json\/wp\/v2\/pages\/13579","targetHints":{"allow":["GET"]}}],"collection":[{"href":"https:\/\/isr.fbk.eu\/it\/wp-json\/wp\/v2\/pages"}],"about":[{"href":"https:\/\/isr.fbk.eu\/it\/wp-json\/wp\/v2\/types\/page"}],"author":[{"embeddable":true,"href":"https:\/\/isr.fbk.eu\/it\/wp-json\/wp\/v2\/users\/6"}],"replies":[{"embeddable":true,"href":"https:\/\/isr.fbk.eu\/it\/wp-json\/wp\/v2\/comments?post=13579"}],"version-history":[{"count":0,"href":"https:\/\/isr.fbk.eu\/it\/wp-json\/wp\/v2\/pages\/13579\/revisions"}],"up":[{"embeddable":true,"href":"https:\/\/isr.fbk.eu\/it\/wp-json\/wp\/v2\/pages\/13594"}],"wp:attachment":[{"href":"https:\/\/isr.fbk.eu\/it\/wp-json\/wp\/v2\/media?parent=13579"}],"curies":[{"name":"wp","href":"https:\/\/api.w.org\/{rel}","templated":true}]}}