{"id":19626,"date":"2022-01-31T11:36:18","date_gmt":"2022-01-31T10:36:18","guid":{"rendered":"https:\/\/isr.fbk.eu\/la-de-polarizzazione-nella-religione-e-nelletica\/"},"modified":"2022-12-14T10:01:36","modified_gmt":"2022-12-14T09:01:36","slug":"la-de-polarizzazione-nella-religione-e-nelletica","status":"publish","type":"page","link":"https:\/\/isr.fbk.eu\/it\/la-de-polarizzazione-nella-religione-e-nelletica\/","title":{"rendered":"La de-polarizzazione nella religione e nell\u2019etica"},"content":{"rendered":"<p>Spingersi verso il polo estremo pu\u00f2 esaltare, far sentire unici e pionieri, singolari e solitari,<br \/>\nmembri di un\u2019\u00e9lite; pu\u00f2 legarsi alla sete per il nuovo e per la scoperta; pu\u00f2 nutrirsi della<br \/>\ntensione che si genera fra gli estremi. Ma l\u2019estremit\u00e0 polare pu\u00f2 anche isolare, far perdere<br \/>\nl\u2019orientamento, inebriare in una corsa in cui si dimentica tutto fuorch\u00e9 l\u2019apice, la vetta, il<br \/>\nculmine. Esploratori ed esploratrici dell\u2019estremo non mancano in ambito religioso ed etico,<br \/>\ndal culmine della santit\u00e0 all\u2019eccesso del fondamentalismo, dall\u2019entusiasmo del rivoluzionario<br \/>\nal radicalismo dell\u2019ideologo. Con i contesti, i linguaggi, e le tecniche cambiano anche le polarit\u00e0<br \/>\ndel religioso e si accendono da nuove scintille, oggi sempre pi\u00f9 digitali e connesse con le<br \/>\nnuove tecnologie e l\u2019intelligenza artificiale. Ma nascono e si diffondono, anche in ambito<br \/>\ntecnologico, pure nuove sensibilit\u00e0 della \u201cde-polarizzazione\u201d, che guardano al percorso pi\u00f9<br \/>\nche alla meta, alla comunit\u00e0 pi\u00f9 che all\u2019eroe, all\u2019umana contraddizione delle tensioni pi\u00f9 che<br \/>\nalla purezza sovrumana dei poli. Polarizzazione e de-polarizzazione sono due movimenti-<br \/>\ncardine della religione e dell\u2019etica del nostro tempo. Il seminario di IRS-FBK ne esplora lo<br \/>\nspazio, irto di tensioni, e ne inizia una cartografia ragionata, attraverso le voci dei suoi<br \/>\nricercatori e delle sue ricercatrici, attraverso la collaborazione con gli altri gruppi di ricerca<br \/>\nFBK, e attraverso interventi di collaboratori ed esperti ospiti.<\/p>\n<p>&nbsp;<\/p>\n<p><a href=\"https:\/\/isr.fbk.eu\/wp-content\/uploads\/2022\/04\/Locandina-Calendario-Seminari-Internazionali_ISR-colonne-in-formato-A3-aggiornato-1-apr-2022.pdf\">CALENDARIO<\/a><\/p>\n<ul>\n<li>19 dicembre 2022 | Gabriele Marino, Cristina Voto, Remo Gramigna e Gianmarco Giuliana | <a href=\"https:\/\/isr.fbk.eu\/it\/events\/detail\/19957\/la-depolarizzazione-del-volto-nella-religione-digitale-2022?preview=true\">La (de)polarizzazione del volto nella religione digitale<\/a><\/li>\n<li>29 settembre 2022 | Mohamed Bernoussi | <a href=\"https:\/\/isr.fbk.eu\/it\/events\/detail\/19851\/il-corpo-dei-terrori-salutari-nella-tradizione-musulmana-2022\/\">Il corpo dei terrori salutari nella tradizione musulmana<\/a><\/li>\n<li>25 settembre 2022 | Alain Loute | <a href=\"https:\/\/isr.fbk.eu\/it\/events\/detail\/19892\/pensare-alle-tecnologie-digitali-per-la-salute-quali-milieu-2022?preview=true\">Pensare alle tecnologie digitali per la salute quali &#8220;milieu&#8221;\u00a0<\/a><\/li>\n<li>16 settembre 2022 | Enrico Piergiacomi | <a href=\"https:\/\/isr.fbk.eu\/it\/events\/detail\/19838\/il-giogo-leggero-ledonismo-religioso-del-rinascimento-e-le-sue-ricadute-contemporanee-2022?preview=true\">Il giogo leggero: l\u2019edonismo religioso del rinascimento e le sue ricadute contemporanee<\/a><\/li>\n<li>8 settembre 2022 | Laura Gherlone | <a href=\"https:\/\/isr.fbk.eu\/it\/events\/detail\/19833\/metodologie-della-deterritorializzazione-2022\">Metodologie della deterritorializzazione<\/a><\/li>\n<li>28 luglio 2022 | Kamila Junik | <a href=\"https:\/\/isr.fbk.eu\/it\/events\/detail\/19814\/religione-etnia-e-polarizzazione-politica-in-asia-meridionale-2022?preview=true\">Religione, etnia e polarizzazione politica in Asia meridionale<\/a><\/li>\n<li>14 luglio 2022 | Simona Stano | <a href=\"https:\/\/isr.fbk.eu\/it\/events\/detail\/19792\/corpi-depolarizzati-innovazione-semiosi-ed-etica-2022\/\">Corpi (de)polarizzati: Innovazione, semiosi ed etica<\/a><\/li>\n<li>7 luglio 2022 | Valeria Fabretti e Bernd Kortmann | <a href=\"https:\/\/isr.fbk.eu\/it\/events\/detail\/19786\/i-discorsi-dodio-su-base-religiosa-una-lettura-intersezionale-e-linguistica-2022\/\">I discorsi d&#8217;odio su base religiosa: Una lettura intersezionale e linguistica<\/a><\/li>\n<li>23 giugno 2022 | Stella Morra e Andrea Grillo | <a href=\"https:\/\/isr.fbk.eu\/it\/events\/detail\/19779\/la-de-polarizzazione-nella-religione-e-nelletica-2022\/\">La de-polarizzazione nella religione e nell\u2019etica<\/a><\/li>\n<li>9 giugno 2022 | Debora Tonelli | <a href=\"https:\/\/isr.fbk.eu\/it\/events\/detail\/19737\/la-sfida-della-teologia-decoloniale-tensioni-tra-centro-e-periferie-2022?preview=true\">La sfida della teologia decoloniale: tensioni tra centro e periferie<\/a><\/li>\n<li>30 maggio 2022 | Sara Agnelli e Monica Consolandi | <a href=\"https:\/\/isr.fbk.eu\/it\/events\/detail\/19730\/depolarizzazione-tra-teoria-e-pratica-il-ruolo-delle-medical-humanities-2022?preview=true\">Depolarizzazione tra teoria e pratica: il ruolo delle medical humanities<\/a><\/li>\n<li>12 maggio 2022 | Marco Guerrini, Riccardo Gallotti e Stefanie Ullmann | <a href=\"https:\/\/isr.fbk.eu\/it\/events\/detail\/19685\/depolarizzazione-e-il-ruolo-dellintelligenza-artificiale-2022?preview=true\">(De)polarizzazione e il ruolo dell&#8217;intelligenza artificiale<\/a><\/li>\n<li>5 maggio 2022 | Boris R\u00e4hme | <a href=\"https:\/\/isr.fbk.eu\/it\/events\/detail\/19672\/perdere-terreno-comune-polarizazzione-delle-credenze-e-disaccordo-2022?preview=true\">Perdere terreno comune: polarizazzione delle credenze e disaccordo<\/a><\/li>\n<li>20 aprile 2022 | Francesco Galofaro | <a href=\"https:\/\/isr.fbk.eu\/it\/events\/detail\/19669\/divenire-pachamama-una-controversia-tra-cattolici-tradizionalisti-ed-ecologisti-2022?preview=true\">Divenire Pachamama: una controversia tra cattolici tradizionalisti ed ecologisti<\/a><\/li>\n<li>8 aprile 2022 | Simone Penasa, Loretta Rocchetti e Sandro Spinsanti | <a href=\"https:\/\/isr.fbk.eu\/it\/events\/detail\/19660\/sulla-terra-in-punta-di-piedi-cura-e-spiritualita-2022?preview=true\">Sulla terra in punta di piedi: cura e spiritualit\u00e0<\/a><\/li>\n<li>22 marzo 2022 | Kristina Stoeckl | <a href=\"https:\/\/isr.fbk.eu\/it\/events\/detail\/19653\/le-frontiere-invisibili-della-religione-dalla-polarizzazione-al-conflitto-2022\">Le frontiere invisibili della religione: dalla polarizzazione al conflitto<\/a><\/li>\n<li>22 marzo 2022 | Ugo Volli | <a href=\"https:\/\/isr.fbk.eu\/it\/events\/detail\/19651\/miti-di-fondazione-religione-teologia-politica-radicalizzazione-2022\">Miti di fondazione: religione, teologia politica, radicalizzazione<\/a><\/li>\n<li>11 marzo 2022 | Jenny Ponzo | <a href=\"https:\/\/isr.fbk.eu\/it\/events\/detail\/19646\/la-polarizzazione-dei-valori-religiosi-nel-tessuto-urbano-il-caso-del-riuso-delle-chiese-cattoliche-in-italia-2022?preview=true\">La polarizzazione dei valori religiosi nel tessuto urbano: il caso del riuso delle chiese cattoliche in Italia<\/a><\/li>\n<li>21 febbraio 2022 | Lucia Galvagni | <a href=\"https:\/\/isr.fbk.eu\/it\/events\/detail\/19633\/cura-giustizia-ed-autonomia-relazionale-come-ripensare-letica-della-sanita-2022?preview=true\">Cura, giustizia ed autonomia relazionale: come\u00a0ripensare l\u2019etica della sanit\u00e0<\/a><\/li>\n<li>31 gennaio 2022 | Paolo Costa | <a href=\"https:\/\/isr.fbk.eu\/it\/events\/detail\/19621\/la-polarita-nella-vita-etica-un-caso-speciale-di-resilienza-morale-2022\/\">La polarit\u00e0 nella vita etica: un caso speciale di<\/a><br \/>\nresilienza morale<\/li>\n<\/ul>\n<p>&nbsp;<\/p>\n","protected":false},"excerpt":{"rendered":"<p>Spingersi verso il polo estremo pu\u00f2 esaltare, far sentire unici e pionieri, singolari e solitari, membri di un\u2019\u00e9lite; pu\u00f2 legarsi alla sete per il nuovo e per la scoperta; pu\u00f2 nutrirsi della tensione che si genera fra gli estremi. Ma l\u2019estremit\u00e0 polare pu\u00f2 anche isolare, far perdere l\u2019orientamento, inebriare in una corsa in cui si [&hellip;]<\/p>\n","protected":false},"author":4,"featured_media":19622,"parent":0,"menu_order":0,"comment_status":"closed","ping_status":"closed","template":"","meta":{"footnotes":""},"class_list":["post-19626","page","type-page","status-publish","has-post-thumbnail","hentry"],"yoast_head":"<!-- This site is optimized with the Yoast SEO plugin v27.6 - https:\/\/yoast.com\/product\/yoast-seo-wordpress\/ -->\n<title>La de-polarizzazione nella religione e nell\u2019etica - FBK ISR<\/title>\n<meta name=\"robots\" content=\"index, follow, max-snippet:-1, max-image-preview:large, max-video-preview:-1\" \/>\n<link rel=\"canonical\" href=\"https:\/\/isr.fbk.eu\/it\/la-de-polarizzazione-nella-religione-e-nelletica\/\" \/>\n<meta property=\"og:locale\" content=\"it_IT\" \/>\n<meta property=\"og:type\" content=\"article\" \/>\n<meta property=\"og:url\" content=\"https:\/\/isr.fbk.eu\/it\/la-de-polarizzazione-nella-religione-e-nelletica\/\" \/>\n<meta property=\"og:site_name\" content=\"FBK ISR\" \/>\n<meta property=\"article:modified_time\" content=\"2022-12-14T09:01:36+00:00\" \/>\n<meta property=\"og:image\" content=\"https:\/\/isr.fbk.eu\/wp-content\/uploads\/2022\/01\/Affresco-Schweizer.jpg\" \/>\n\t<meta property=\"og:image:width\" content=\"1483\" \/>\n\t<meta property=\"og:image:height\" content=\"693\" \/>\n\t<meta property=\"og:image:type\" content=\"image\/jpeg\" \/>\n<meta name=\"twitter:card\" content=\"summary_large_image\" \/>\n<meta name=\"twitter:label1\" content=\"Tempo di lettura stimato\" \/>\n\t<meta name=\"twitter:data1\" content=\"3 minuti\" \/>\n<script type=\"application\/ld+json\" class=\"yoast-schema-graph\">{\"@context\":\"https:\\\/\\\/schema.org\",\"@graph\":[{\"@type\":\"WebPage\",\"@id\":\"https:\\\/\\\/isr.fbk.eu\\\/it\\\/la-de-polarizzazione-nella-religione-e-nelletica\\\/\",\"url\":\"https:\\\/\\\/isr.fbk.eu\\\/it\\\/la-de-polarizzazione-nella-religione-e-nelletica\\\/\",\"name\":\"La de-polarizzazione nella religione e nell\u2019etica - FBK ISR\",\"isPartOf\":{\"@id\":\"https:\\\/\\\/isr.fbk.eu\\\/it\\\/#website\"},\"primaryImageOfPage\":{\"@id\":\"https:\\\/\\\/isr.fbk.eu\\\/it\\\/la-de-polarizzazione-nella-religione-e-nelletica\\\/#primaryimage\"},\"image\":{\"@id\":\"https:\\\/\\\/isr.fbk.eu\\\/it\\\/la-de-polarizzazione-nella-religione-e-nelletica\\\/#primaryimage\"},\"thumbnailUrl\":\"https:\\\/\\\/isr.fbk.eu\\\/wp-content\\\/uploads\\\/2022\\\/01\\\/Affresco-Schweizer.jpg\",\"datePublished\":\"2022-01-31T10:36:18+00:00\",\"dateModified\":\"2022-12-14T09:01:36+00:00\",\"breadcrumb\":{\"@id\":\"https:\\\/\\\/isr.fbk.eu\\\/it\\\/la-de-polarizzazione-nella-religione-e-nelletica\\\/#breadcrumb\"},\"inLanguage\":\"it-IT\",\"potentialAction\":[{\"@type\":\"ReadAction\",\"target\":[\"https:\\\/\\\/isr.fbk.eu\\\/it\\\/la-de-polarizzazione-nella-religione-e-nelletica\\\/\"]}]},{\"@type\":\"ImageObject\",\"inLanguage\":\"it-IT\",\"@id\":\"https:\\\/\\\/isr.fbk.eu\\\/it\\\/la-de-polarizzazione-nella-religione-e-nelletica\\\/#primaryimage\",\"url\":\"https:\\\/\\\/isr.fbk.eu\\\/wp-content\\\/uploads\\\/2022\\\/01\\\/Affresco-Schweizer.jpg\",\"contentUrl\":\"https:\\\/\\\/isr.fbk.eu\\\/wp-content\\\/uploads\\\/2022\\\/01\\\/Affresco-Schweizer.jpg\",\"width\":1483,\"height\":693,\"caption\":\"affresco\"},{\"@type\":\"BreadcrumbList\",\"@id\":\"https:\\\/\\\/isr.fbk.eu\\\/it\\\/la-de-polarizzazione-nella-religione-e-nelletica\\\/#breadcrumb\",\"itemListElement\":[{\"@type\":\"ListItem\",\"position\":1,\"name\":\"Home\",\"item\":\"https:\\\/\\\/isr.fbk.eu\\\/it\\\/\"},{\"@type\":\"ListItem\",\"position\":2,\"name\":\"La de-polarizzazione nella religione e nell\u2019etica\"}]},{\"@type\":\"WebSite\",\"@id\":\"https:\\\/\\\/isr.fbk.eu\\\/it\\\/#website\",\"url\":\"https:\\\/\\\/isr.fbk.eu\\\/it\\\/\",\"name\":\"FBK ISR\",\"description\":\"Just another WordPress site\",\"potentialAction\":[{\"@type\":\"SearchAction\",\"target\":{\"@type\":\"EntryPoint\",\"urlTemplate\":\"https:\\\/\\\/isr.fbk.eu\\\/it\\\/?s={search_term_string}\"},\"query-input\":{\"@type\":\"PropertyValueSpecification\",\"valueRequired\":true,\"valueName\":\"search_term_string\"}}],\"inLanguage\":\"it-IT\"}]}<\/script>\n<!-- \/ Yoast SEO plugin. -->","yoast_head_json":{"title":"La de-polarizzazione nella religione e nell\u2019etica - FBK ISR","robots":{"index":"index","follow":"follow","max-snippet":"max-snippet:-1","max-image-preview":"max-image-preview:large","max-video-preview":"max-video-preview:-1"},"canonical":"https:\/\/isr.fbk.eu\/it\/la-de-polarizzazione-nella-religione-e-nelletica\/","og_locale":"it_IT","og_type":"article","og_url":"https:\/\/isr.fbk.eu\/it\/la-de-polarizzazione-nella-religione-e-nelletica\/","og_site_name":"FBK ISR","article_modified_time":"2022-12-14T09:01:36+00:00","og_image":[{"width":1483,"height":693,"url":"https:\/\/isr.fbk.eu\/wp-content\/uploads\/2022\/01\/Affresco-Schweizer.jpg","type":"image\/jpeg"}],"twitter_card":"summary_large_image","twitter_misc":{"Tempo di lettura stimato":"3 minuti"},"schema":{"@context":"https:\/\/schema.org","@graph":[{"@type":"WebPage","@id":"https:\/\/isr.fbk.eu\/it\/la-de-polarizzazione-nella-religione-e-nelletica\/","url":"https:\/\/isr.fbk.eu\/it\/la-de-polarizzazione-nella-religione-e-nelletica\/","name":"La de-polarizzazione nella religione e nell\u2019etica - FBK ISR","isPartOf":{"@id":"https:\/\/isr.fbk.eu\/it\/#website"},"primaryImageOfPage":{"@id":"https:\/\/isr.fbk.eu\/it\/la-de-polarizzazione-nella-religione-e-nelletica\/#primaryimage"},"image":{"@id":"https:\/\/isr.fbk.eu\/it\/la-de-polarizzazione-nella-religione-e-nelletica\/#primaryimage"},"thumbnailUrl":"https:\/\/isr.fbk.eu\/wp-content\/uploads\/2022\/01\/Affresco-Schweizer.jpg","datePublished":"2022-01-31T10:36:18+00:00","dateModified":"2022-12-14T09:01:36+00:00","breadcrumb":{"@id":"https:\/\/isr.fbk.eu\/it\/la-de-polarizzazione-nella-religione-e-nelletica\/#breadcrumb"},"inLanguage":"it-IT","potentialAction":[{"@type":"ReadAction","target":["https:\/\/isr.fbk.eu\/it\/la-de-polarizzazione-nella-religione-e-nelletica\/"]}]},{"@type":"ImageObject","inLanguage":"it-IT","@id":"https:\/\/isr.fbk.eu\/it\/la-de-polarizzazione-nella-religione-e-nelletica\/#primaryimage","url":"https:\/\/isr.fbk.eu\/wp-content\/uploads\/2022\/01\/Affresco-Schweizer.jpg","contentUrl":"https:\/\/isr.fbk.eu\/wp-content\/uploads\/2022\/01\/Affresco-Schweizer.jpg","width":1483,"height":693,"caption":"affresco"},{"@type":"BreadcrumbList","@id":"https:\/\/isr.fbk.eu\/it\/la-de-polarizzazione-nella-religione-e-nelletica\/#breadcrumb","itemListElement":[{"@type":"ListItem","position":1,"name":"Home","item":"https:\/\/isr.fbk.eu\/it\/"},{"@type":"ListItem","position":2,"name":"La de-polarizzazione nella religione e nell\u2019etica"}]},{"@type":"WebSite","@id":"https:\/\/isr.fbk.eu\/it\/#website","url":"https:\/\/isr.fbk.eu\/it\/","name":"FBK ISR","description":"Just another WordPress site","potentialAction":[{"@type":"SearchAction","target":{"@type":"EntryPoint","urlTemplate":"https:\/\/isr.fbk.eu\/it\/?s={search_term_string}"},"query-input":{"@type":"PropertyValueSpecification","valueRequired":true,"valueName":"search_term_string"}}],"inLanguage":"it-IT"}]}},"meta_box":{"_more_label":"","_more_page":"","_top_contents":"","_bottom_contents":"","_styles":"","_primary_highlights":[{"target":"_self","layout":"align-center","size":"half"}],"_secondary_highlights":[{"target":"_self"}],"_homepage_shortcuts":[{"section_shortcuts":[{"shortcut_link":{"shortcut_link_target":"_self"}}]}],"_homepage_call_to_action":{"destination_target":"_self"},"_highlights_limit":"","_highlights_page":"","_events_limit":"4","_events_page":"","_news_limit":"4","_news_page":"","_contacts_locations_sections":[{"entries":[{"entry_thumbnail":{"entry_thumbnail_mode":"image"}}]}],"type":"fbkevent","category":[],"ordering":"","_past_projects_style":"default","_projects":[{"style":"default"}],"_sections":[],"_network_and_partners_sections":[],"_tabbed_contents_sections":[],"_blocks":[{"block_thumbnail":{"block_thumbnail_mode":"none"},"links":[{"link_target":"_self"}]}],"_blocks_navigation":"","_latest_publications_limit":"3","_latest_publications_style":"default","_latest_publications_entries":[{"entry_type":"page"}],"_publications_highlights":[{"publication_type":"none"}],"_publications_custom":[],"_publications_filters_years":"","_publications_filters_number_of_years":"","_publications_filters_from_year":"2022","_publications_filters_until_year":"2022","_publications_filters_count":"","_sidebar":"","_outline":"","_outline_title":"","_page_list_by_areas_display_mode":"","_page_list_by_areas_area":[],"_area":"","_areas_overview_directors":[],"_areas_overview_managers_status":"all","_areas_overview_managers_mode":"automatic","_areas_overview_managers":[],"_areas_overview_heads_status":"all","_areas_overview_heads_mode":"automatic","_areas_overview_heads":[],"_areas_overview_people_status":"all","_areas_overview_people_mode":"automatic","_areas_overview_people":[],"_area_units_mode":"automatic","_area_units_posts":[]},"_links":{"self":[{"href":"https:\/\/isr.fbk.eu\/it\/wp-json\/wp\/v2\/pages\/19626","targetHints":{"allow":["GET"]}}],"collection":[{"href":"https:\/\/isr.fbk.eu\/it\/wp-json\/wp\/v2\/pages"}],"about":[{"href":"https:\/\/isr.fbk.eu\/it\/wp-json\/wp\/v2\/types\/page"}],"author":[{"embeddable":true,"href":"https:\/\/isr.fbk.eu\/it\/wp-json\/wp\/v2\/users\/4"}],"replies":[{"embeddable":true,"href":"https:\/\/isr.fbk.eu\/it\/wp-json\/wp\/v2\/comments?post=19626"}],"version-history":[{"count":0,"href":"https:\/\/isr.fbk.eu\/it\/wp-json\/wp\/v2\/pages\/19626\/revisions"}],"wp:featuredmedia":[{"embeddable":true,"href":"https:\/\/isr.fbk.eu\/it\/wp-json\/wp\/v2\/media\/19622"}],"wp:attachment":[{"href":"https:\/\/isr.fbk.eu\/it\/wp-json\/wp\/v2\/media?parent=19626"}],"curies":[{"name":"wp","href":"https:\/\/api.w.org\/{rel}","templated":true}]}}