{"id":28636,"date":"2023-12-01T10:35:11","date_gmt":"2023-12-01T09:35:11","guid":{"rendered":"https:\/\/isr.fbk.eu\/2024-dis-enchantment-in-religion-and-ethics\/"},"modified":"2024-11-21T12:17:11","modified_gmt":"2024-11-21T11:17:11","slug":"2024-dis-enchantment-in-religion-and-ethics","status":"publish","type":"page","link":"https:\/\/isr.fbk.eu\/it\/2024-dis-enchantment-in-religion-and-ethics\/","title":{"rendered":"(Dis)Incanti nella religione e nell\u2019etica"},"content":{"rendered":"<p>L\u2019interazione tra incanto e disincanto nella sfera religiosa ha sempre suscitato un profondo interesse e un\u2019intensa ricerca accademica. Il seminario si dedica allo studio della relazione dialettica tra questi due aspetti nel contesto delle credenze, delle pratiche e delle esperienze religiose ed etiche. Con \u201cincanto\u201d o \u201cincantamento\u201d s\u2019intendono le componenti mistiche, maestose e trascendenti della religione, capaci di suscitare meraviglia e una connessione con il divino, mentre il \u201cdisincanto\u201d rappresenta un approccio pi\u00f9 razionale e secolare, che mette in discussione gli elementi soprannaturali e persino magici della fede. Attraverso un approccio interdisciplinare, il seminario intende indagare le dimensioni storiche, sociologiche e psicologiche di questa dinamica. Storicamente, le varie tradizioni religiose hanno manifestato sia tendenze incantatrici che disincantatrici, le quali hanno rispecchiato i cambiamenti nei valori sociali e nei paradigmi di conoscenza. Dal punto di vista sociologico, l\u2019incanto \u00e8 stato spesso associato alla coesione e alla solidariet\u00e0 nelle comunit\u00e0 religiose, mentre il disincanto ha avuto tendenza a emergere in risposta alla modernit\u00e0 e ai suoi processi di razionalizzazione. Il seminario esplora anche la psicologia dietro l\u2019alternanza tra incanto e disincanto. La natura umana \u00e8 incline alla ricerca del sacro e dell\u2019eccezionale, perpetuando cos\u00ec gli elementi incantatori nella religione. Tuttavia, fenomeni come la dissonanza cognitiva e l\u2019aumento dello scetticismo possono innescare un processo di disincanto, portando gli individui a interrogarsi o persino a rifiutare credenze religiose prima incontestabili. Inoltre, il seminario evidenzia l\u2019influenza di tecnologia e globalizzazione su questa dialettica. I progressi nella comunicazione e l\u2019esposizione a diverse prospettive hanno ampliato la diffusione di idee sia mistiche che razionali, accentuando il contrasto tra pratiche religiose tradizionali incantatrici e influenze secolari disincantatrici. Il seminario propone che incanto e disincanto nella religione non siano forze opposte, ma piuttosto elementi complementari che stimolano l\u2019evoluzione e la trasformazione delle credenze e delle pratiche religiose. Riconoscere e valorizzare questa relazione dialettica permette di approfondire la comprensione delle complessit\u00e0 delle esperienze religiose, promuovendo un dialogo costruttivo e la tolleranza tra persone e comunit\u00e0 con visioni divergenti.<\/p>\n<p>&nbsp;<\/p>\n<p><a href=\"https:\/\/isr.fbk.eu\/wp-content\/uploads\/2024\/07\/Calendario-annuale_Locandina-Seminari-Internazionali-ISR_2024-agg-24-luglio-2024.pdf\">CALENDARIO<\/a><\/p>\n<ul>\n<li>15 gennaio 2024 | Paolo Costa | <a href=\"https:\/\/isr.fbk.eu\/it\/events\/detail\/28661\/e-la-risonanza-che-abbiamo-in-mente-quando-parliamo-di-reincanto-2024\/\">\u00c8 la risonanza che abbiamo in mente quando parliamo di reincanto?<\/a><\/li>\n<li>23 gennaio 2024 | Daniele Ferrari | <a href=\"https:\/\/isr.fbk.eu\/it\/events\/detail\/28663\/oriente-orientamento-orizzonte-la-liberta-religiosa-e-lorientamento-sessuale-tra-tradizione-e-diritti-umani-2024\/\">Oriente, orientamento, orizzonte: La libert\u00e0 religiosa e l\u2019orientamento sessuale tra tradizione e diritti umani<\/a><\/li>\n<li>14-16 febbraio 2024 | Symposium | Bette Jacobs | <a href=\"https:\/\/isr.fbk.eu\/it\/events\/detail\/28852\/meeting-del-progetto-global-faith-based-healthcare-systems-2024\/\">Global Faith-Based Healthcare Systems<\/a><\/li>\n<li>19 febbraio 2024 | Valeria Fabretti | <a href=\"https:\/\/isr.fbk.eu\/it\/events\/detail\/28694\/kick-off-cicatrici-percorsi-di-ricerca-su-alcuni-luoghi-chiave-di-trento-per-ricostruire-le-diversita-2024\">Progetto CICATRICI &#8211; Kick Off Meeting &#8211; Luoghi chiave e identit\u00e0 plurali nella citt\u00e0 di Trento translate<\/a><\/li>\n<li>20 febbraio 2024 | Gabriele Marino | <a href=\"https:\/\/isr.fbk.eu\/it\/events\/detail\/28874\/ballare-di-architettura-atti-impuri-e-pura-potenza-tra-musica-immaginata-e-immaginaria-2024\/\">Ballare di architettura: Atti impuri e pura potenza tra musica immaginata e immaginaria<\/a><\/li>\n<li>19 marzo 2024 | Nikolas Kompridis | <a href=\"https:\/\/isr.fbk.eu\/it\/events\/detail\/28868\/perdere-la-fede-riflessioni-sullattuale-crisi-epistemologica-della-democrazia-2024\">Losing Faith: Reflections on Democracy\u2019s Current Epistemological Crisis<\/a><\/li>\n<li>22 marzo 2024 | Silvia Cristofori | <a href=\"https:\/\/isr.fbk.eu\/it\/events\/detail\/28894\/continuita-e-discontinuita-dincanto-una-riflessione-a-partire-da-alcuni-momenti-della-storia-cristiana-nigeriana-2024\/\">Continuit\u00e0 e discontinuit\u00e0 d&#8217;incanto: una riflessione a partire da alcuni momenti della storia cristiana nigeriana<\/a><\/li>\n<li>25 marzo 2024 | <a href=\"https:\/\/isr.fbk.eu\/it\/events\/detail\/29036\/presentazione-delle-pubblicazioni-del-centro-uscite-nel-2023-2024-2024\/\">Presentazione delle pubblicazioni del centro uscite nel 2023-2024<\/a><\/li>\n<li>10 aprile 2024 | Seminario dottorale DREST | Graziano Lingua e Mauro Carbone | <a href=\"https:\/\/isr.fbk.eu\/it\/events\/detail\/28949\/divinita-digitale-lintersezione-tra-religione-e-cultura-dello-schermo-2024\/\">Divinit\u00e0 digitale: L\u2019intersezione tra religione e cultura dello schermo<\/a><\/li>\n<li>11-12 aprile 20204 | <a href=\"https:\/\/isr.fbk.eu\/it\/events\/detail\/28870\/resilient-beliefs-religion-and-beyond-rebe-conferenza-finale-2024\/\">Convegno Resilient Beliefs<\/a><\/li>\n<li>26 aprile 2024 | Volkhart Krech | <a href=\"https:\/\/isr.fbk.eu\/it\/events\/detail\/29149\/whats-left-of-secularization-2024\/\">What\u2019s Left of Secularization?<\/a><\/li>\n<li>20-23 maggio 2024 | <a href=\"https:\/\/secure.onlinecongress.it\/Olc\/Client\/Programme\/Public\/Home\/Euare\/6516675546069488905911145\/en\/Home\">Convegno EUARE Palermo | \u201cOn Awe\u201d<\/a><\/li>\n<li>21 giugno 2024 | Lenart \u0160kof | <a href=\"https:\/\/isr.fbk.eu\/it\/events\/detail\/29232\/telepathic-entanglements-reflections-on-enchanted-theology-2024\/\">Telepathic Entanglements: Reflections on Enchanted\u00a0 Theology<\/a><\/li>\n<li>5 luglio 2024 | Alessandro Testa | <a href=\"https:\/\/isr.fbk.eu\/it\/events\/detail\/29234\/teorie-e-pratiche-del-re-incanto-nei-contesti-europei-post-socialisti-2024\/\">Teorie e pratiche del re-incanto nei contesti europei post-socialisti<\/a><\/li>\n<li>2-6 settembre 2024 | Congresso dell\u2019Associazione Internazionale di Studi Semiotici | Sessione \u201cSemiotics of Religion\u201d (Varsavia)<\/li>\n<li>19 settembre 2024\u00a0 | Lucia Galvagni |\u00a0<a href=\"https:\/\/isr.fbk.eu\/it\/events\/detail\/29396\/alternative-al-disincanto-meraviglia-stupore-e-immaginazione-nelle-societa-digitali-2024\/\">Alternative al disincanto? Meraviglia, stupore e immaginazione nelle societ\u00e0 digitali<\/a><\/li>\n<li>14 ottobre 2024 | Irene Becci | <a href=\"https:\/\/isr.fbk.eu\/it\/events\/detail\/29450\/longing-for-nature-in-the-context-of-massive-urbanization-an-analysis-of-enchantment-practices-implying-trees-2024\/\">Longing for Nature in the Context of Massive Urbanization: An Analysis of Enchantment &#8220;Practices Implying Trees&#8221;<\/a><\/li>\n<li>28-31 ottobre 2024 | <a href=\"https:\/\/isr.fbk.eu\/it\/news\/detail\/the-last-face-utopias-and-dystopias-of-the-visage-ahead\/\">Convegno conclusivo FACETS &#8211; EUFACETS (Torino)<\/a><\/li>\n<li>11 novembre 2024 | Stefan Selke | <a href=\"https:\/\/isr.fbk.eu\/it\/events\/detail\/29572\/technology-as-consolation-the-promise-of-artificial-intelligence-from-a-sociological-perspective-2024?preview=true\">Technology as Consolation. The Promise of Artificial Intelligence from a Sociological Perspective<\/a><\/li>\n<li>26 novembre 2024 |<a href=\"https:\/\/isr.fbk.eu\/it\/events\/detail\/29574\/il-senso-incantato-simposio-finale-fbk-isr-2024\/\"> Davide Zordan Lecture<\/a><\/li>\n<li>9 dicembre 2024 | Fiona Ellis | <a href=\"https:\/\/isr.fbk.eu\/it\/events\/detail\/29727\/lincanto-il-disincanto-e-la-morte-di-dio-2024\">Enchantment, Disenchantment, and the Death of God<\/a><\/li>\n<li>9 dicembre 2024 | Herbert De Vriese | <a href=\"https:\/\/isr.fbk.eu\/it\/events\/detail\/29731\/il-richiamo-dall-esterno-unindagine-genealogica-2024\/\">The Call from Outside: A Genealogical Investigation<\/a><\/li>\n<li>16-19 dicembre 2024| <a href=\"https:\/\/isr.fbk.eu\/it\/events\/detail\/29574\/il-senso-incantato-simposio-finale-fbk-isr-2024\/\">Convegno Il senso incantato<\/a><\/li>\n<\/ul>\n<p>&nbsp;<\/p>\n<p>***<br \/>\n<em>Il calendario potrebbe subire variazioni.<\/em><\/p>\n<p>&nbsp;<\/p>\n<table width=\"100%\" cellpadding=\"30\">\n<thead><\/thead>\n<tbody>\n<tr>\n<td><img loading=\"lazy\" decoding=\"async\" class=\"\" src=\"https:\/\/isig.fbk.eu\/wp-content\/uploads\/2024\/06\/Logo_MIC_2024.png\" alt=\"\" width=\"224\" height=\"78\" align=\"top\" \/><\/td>\n<td style=\"padding-left: 40px; vertical-align: top;\">\n<h6><span style=\"font-weight: 400;\">L&#8217;iniziativa \u00e8 stata realizzata anche grazie al contributo della Direzione generale Educazione, ricerca e istituti culturali del Ministero della Cultura.<\/span><\/h6>\n<\/td>\n<\/tr>\n<\/tbody>\n<\/table>\n<p>&nbsp;<\/p>\n","protected":false},"excerpt":{"rendered":"<p>L\u2019interazione tra incanto e disincanto nella sfera religiosa ha sempre suscitato un profondo interesse e un\u2019intensa ricerca accademica. Il seminario si dedica allo studio della relazione dialettica tra questi due aspetti nel contesto delle credenze, delle pratiche e delle esperienze religiose ed etiche. Con \u201cincanto\u201d o \u201cincantamento\u201d s\u2019intendono le componenti mistiche, maestose e trascendenti della [&hellip;]<\/p>\n","protected":false},"author":4,"featured_media":28681,"parent":0,"menu_order":0,"comment_status":"closed","ping_status":"closed","template":"","meta":{"footnotes":""},"class_list":["post-28636","page","type-page","status-publish","has-post-thumbnail","hentry"],"yoast_head":"<!-- This site is optimized with the Yoast SEO plugin v27.4 - https:\/\/yoast.com\/product\/yoast-seo-wordpress\/ -->\n<title>(Dis)Incanti nella religione e nell\u2019etica - FBK ISR<\/title>\n<meta name=\"robots\" content=\"index, follow, max-snippet:-1, max-image-preview:large, max-video-preview:-1\" \/>\n<link rel=\"canonical\" href=\"https:\/\/isr.fbk.eu\/it\/2024-dis-enchantment-in-religion-and-ethics\/\" \/>\n<meta property=\"og:locale\" content=\"it_IT\" \/>\n<meta property=\"og:type\" content=\"article\" \/>\n<meta property=\"og:url\" content=\"https:\/\/isr.fbk.eu\/it\/2024-dis-enchantment-in-religion-and-ethics\/\" \/>\n<meta property=\"og:site_name\" content=\"FBK ISR\" \/>\n<meta property=\"article:modified_time\" content=\"2024-11-21T11:17:11+00:00\" \/>\n<meta property=\"og:image\" content=\"https:\/\/isr.fbk.eu\/wp-content\/uploads\/2024\/01\/Affresco-Schweizer_Scienze-Religiose_12-scaled.jpg\" \/>\n\t<meta property=\"og:image:width\" content=\"2560\" \/>\n\t<meta property=\"og:image:height\" content=\"1920\" \/>\n\t<meta property=\"og:image:type\" content=\"image\/jpeg\" \/>\n<meta name=\"twitter:card\" content=\"summary_large_image\" \/>\n<meta name=\"twitter:label1\" content=\"Tempo di lettura stimato\" \/>\n\t<meta name=\"twitter:data1\" content=\"4 minuti\" \/>\n<script type=\"application\/ld+json\" class=\"yoast-schema-graph\">{\"@context\":\"https:\\\/\\\/schema.org\",\"@graph\":[{\"@type\":\"WebPage\",\"@id\":\"https:\\\/\\\/isr.fbk.eu\\\/it\\\/2024-dis-enchantment-in-religion-and-ethics\\\/\",\"url\":\"https:\\\/\\\/isr.fbk.eu\\\/it\\\/2024-dis-enchantment-in-religion-and-ethics\\\/\",\"name\":\"(Dis)Incanti nella religione e nell\u2019etica - FBK ISR\",\"isPartOf\":{\"@id\":\"https:\\\/\\\/isr.fbk.eu\\\/it\\\/#website\"},\"primaryImageOfPage\":{\"@id\":\"https:\\\/\\\/isr.fbk.eu\\\/it\\\/2024-dis-enchantment-in-religion-and-ethics\\\/#primaryimage\"},\"image\":{\"@id\":\"https:\\\/\\\/isr.fbk.eu\\\/it\\\/2024-dis-enchantment-in-religion-and-ethics\\\/#primaryimage\"},\"thumbnailUrl\":\"https:\\\/\\\/isr.fbk.eu\\\/wp-content\\\/uploads\\\/2024\\\/01\\\/Affresco-Schweizer_Scienze-Religiose_12-scaled.jpg\",\"datePublished\":\"2023-12-01T09:35:11+00:00\",\"dateModified\":\"2024-11-21T11:17:11+00:00\",\"breadcrumb\":{\"@id\":\"https:\\\/\\\/isr.fbk.eu\\\/it\\\/2024-dis-enchantment-in-religion-and-ethics\\\/#breadcrumb\"},\"inLanguage\":\"it-IT\",\"potentialAction\":[{\"@type\":\"ReadAction\",\"target\":[\"https:\\\/\\\/isr.fbk.eu\\\/it\\\/2024-dis-enchantment-in-religion-and-ethics\\\/\"]}]},{\"@type\":\"ImageObject\",\"inLanguage\":\"it-IT\",\"@id\":\"https:\\\/\\\/isr.fbk.eu\\\/it\\\/2024-dis-enchantment-in-religion-and-ethics\\\/#primaryimage\",\"url\":\"https:\\\/\\\/isr.fbk.eu\\\/wp-content\\\/uploads\\\/2024\\\/01\\\/Affresco-Schweizer_Scienze-Religiose_12-scaled.jpg\",\"contentUrl\":\"https:\\\/\\\/isr.fbk.eu\\\/wp-content\\\/uploads\\\/2024\\\/01\\\/Affresco-Schweizer_Scienze-Religiose_12-scaled.jpg\",\"width\":2560,\"height\":1920},{\"@type\":\"BreadcrumbList\",\"@id\":\"https:\\\/\\\/isr.fbk.eu\\\/it\\\/2024-dis-enchantment-in-religion-and-ethics\\\/#breadcrumb\",\"itemListElement\":[{\"@type\":\"ListItem\",\"position\":1,\"name\":\"Home\",\"item\":\"https:\\\/\\\/isr.fbk.eu\\\/it\\\/\"},{\"@type\":\"ListItem\",\"position\":2,\"name\":\"(Dis)Incanti nella religione e nell\u2019etica\"}]},{\"@type\":\"WebSite\",\"@id\":\"https:\\\/\\\/isr.fbk.eu\\\/it\\\/#website\",\"url\":\"https:\\\/\\\/isr.fbk.eu\\\/it\\\/\",\"name\":\"FBK ISR\",\"description\":\"Just another WordPress site\",\"potentialAction\":[{\"@type\":\"SearchAction\",\"target\":{\"@type\":\"EntryPoint\",\"urlTemplate\":\"https:\\\/\\\/isr.fbk.eu\\\/it\\\/?s={search_term_string}\"},\"query-input\":{\"@type\":\"PropertyValueSpecification\",\"valueRequired\":true,\"valueName\":\"search_term_string\"}}],\"inLanguage\":\"it-IT\"}]}<\/script>\n<!-- \/ Yoast SEO plugin. -->","yoast_head_json":{"title":"(Dis)Incanti nella religione e nell\u2019etica - FBK ISR","robots":{"index":"index","follow":"follow","max-snippet":"max-snippet:-1","max-image-preview":"max-image-preview:large","max-video-preview":"max-video-preview:-1"},"canonical":"https:\/\/isr.fbk.eu\/it\/2024-dis-enchantment-in-religion-and-ethics\/","og_locale":"it_IT","og_type":"article","og_url":"https:\/\/isr.fbk.eu\/it\/2024-dis-enchantment-in-religion-and-ethics\/","og_site_name":"FBK ISR","article_modified_time":"2024-11-21T11:17:11+00:00","og_image":[{"width":2560,"height":1920,"url":"https:\/\/isr.fbk.eu\/wp-content\/uploads\/2024\/01\/Affresco-Schweizer_Scienze-Religiose_12-scaled.jpg","type":"image\/jpeg"}],"twitter_card":"summary_large_image","twitter_misc":{"Tempo di lettura stimato":"4 minuti"},"schema":{"@context":"https:\/\/schema.org","@graph":[{"@type":"WebPage","@id":"https:\/\/isr.fbk.eu\/it\/2024-dis-enchantment-in-religion-and-ethics\/","url":"https:\/\/isr.fbk.eu\/it\/2024-dis-enchantment-in-religion-and-ethics\/","name":"(Dis)Incanti nella religione e nell\u2019etica - FBK ISR","isPartOf":{"@id":"https:\/\/isr.fbk.eu\/it\/#website"},"primaryImageOfPage":{"@id":"https:\/\/isr.fbk.eu\/it\/2024-dis-enchantment-in-religion-and-ethics\/#primaryimage"},"image":{"@id":"https:\/\/isr.fbk.eu\/it\/2024-dis-enchantment-in-religion-and-ethics\/#primaryimage"},"thumbnailUrl":"https:\/\/isr.fbk.eu\/wp-content\/uploads\/2024\/01\/Affresco-Schweizer_Scienze-Religiose_12-scaled.jpg","datePublished":"2023-12-01T09:35:11+00:00","dateModified":"2024-11-21T11:17:11+00:00","breadcrumb":{"@id":"https:\/\/isr.fbk.eu\/it\/2024-dis-enchantment-in-religion-and-ethics\/#breadcrumb"},"inLanguage":"it-IT","potentialAction":[{"@type":"ReadAction","target":["https:\/\/isr.fbk.eu\/it\/2024-dis-enchantment-in-religion-and-ethics\/"]}]},{"@type":"ImageObject","inLanguage":"it-IT","@id":"https:\/\/isr.fbk.eu\/it\/2024-dis-enchantment-in-religion-and-ethics\/#primaryimage","url":"https:\/\/isr.fbk.eu\/wp-content\/uploads\/2024\/01\/Affresco-Schweizer_Scienze-Religiose_12-scaled.jpg","contentUrl":"https:\/\/isr.fbk.eu\/wp-content\/uploads\/2024\/01\/Affresco-Schweizer_Scienze-Religiose_12-scaled.jpg","width":2560,"height":1920},{"@type":"BreadcrumbList","@id":"https:\/\/isr.fbk.eu\/it\/2024-dis-enchantment-in-religion-and-ethics\/#breadcrumb","itemListElement":[{"@type":"ListItem","position":1,"name":"Home","item":"https:\/\/isr.fbk.eu\/it\/"},{"@type":"ListItem","position":2,"name":"(Dis)Incanti nella religione e nell\u2019etica"}]},{"@type":"WebSite","@id":"https:\/\/isr.fbk.eu\/it\/#website","url":"https:\/\/isr.fbk.eu\/it\/","name":"FBK ISR","description":"Just another WordPress site","potentialAction":[{"@type":"SearchAction","target":{"@type":"EntryPoint","urlTemplate":"https:\/\/isr.fbk.eu\/it\/?s={search_term_string}"},"query-input":{"@type":"PropertyValueSpecification","valueRequired":true,"valueName":"search_term_string"}}],"inLanguage":"it-IT"}]}},"meta_box":{"_more_label":"","_more_page":"","_top_contents":"","_bottom_contents":"","_styles":"","_primary_highlights":[{"from":{"timestamp":"0"},"until":{"timestamp":"0"},"target":"_self","layout":"align-center","size":"half"}],"_secondary_highlights":[{"from":{"timestamp":"0"},"until":{"timestamp":"0"},"target":"_self"}],"_homepage_shortcuts":[{"section_shortcuts":[{"shortcut_thumbnail":{"shortcut_thumbnail_mode":"0"},"shortcut_link":{"shortcut_link_target":"_self"}}]}],"_homepage_call_to_action":{"destination_target":"_self"},"_highlights_limit":"0","_highlights_page":"","_events_limit":"4","_events_page":"","_news_limit":"4","_news_page":"","_contacts_locations_sections":[{"entries":[{"entry_thumbnail":{"entry_thumbnail_mode":"image"}}]}],"type":"fbkevent","category":[],"ordering":"asc","_past_projects_style":"default","_projects":[{"style":"default"}],"_sections":[],"_network_and_partners_sections":[],"_tabbed_contents_sections":[],"_blocks":[{"block_thumbnail":{"block_thumbnail_mode":"none"},"links":[{"link_target":"_self"}]}],"_blocks_navigation":"","_latest_publications_limit":"3","_latest_publications_style":"default","_latest_publications_entries":[{"entry_type":"page"}],"_publications_highlights":[{"publication_type":"none"}],"_publications_custom":[],"_publications_filters_years":"","_publications_filters_number_of_years":"","_publications_filters_from_year":"2023","_publications_filters_until_year":"2023","_publications_filters_count":"","_sidebar":"","_outline":"","_outline_title":"","_page_list_by_areas_display_mode":"","_page_list_by_areas_area":[],"_area":"","_areas_overview_directors":[],"_areas_overview_managers_status":"all","_areas_overview_managers_mode":"automatic","_areas_overview_managers":[],"_areas_overview_heads_status":"all","_areas_overview_heads_mode":"automatic","_areas_overview_heads":[],"_areas_overview_people_status":"all","_areas_overview_people_mode":"automatic","_areas_overview_people":[],"_area_units_mode":"automatic","_area_units_posts":[]},"_links":{"self":[{"href":"https:\/\/isr.fbk.eu\/it\/wp-json\/wp\/v2\/pages\/28636","targetHints":{"allow":["GET"]}}],"collection":[{"href":"https:\/\/isr.fbk.eu\/it\/wp-json\/wp\/v2\/pages"}],"about":[{"href":"https:\/\/isr.fbk.eu\/it\/wp-json\/wp\/v2\/types\/page"}],"author":[{"embeddable":true,"href":"https:\/\/isr.fbk.eu\/it\/wp-json\/wp\/v2\/users\/4"}],"replies":[{"embeddable":true,"href":"https:\/\/isr.fbk.eu\/it\/wp-json\/wp\/v2\/comments?post=28636"}],"version-history":[{"count":0,"href":"https:\/\/isr.fbk.eu\/it\/wp-json\/wp\/v2\/pages\/28636\/revisions"}],"wp:featuredmedia":[{"embeddable":true,"href":"https:\/\/isr.fbk.eu\/it\/wp-json\/wp\/v2\/media\/28681"}],"wp:attachment":[{"href":"https:\/\/isr.fbk.eu\/it\/wp-json\/wp\/v2\/media?parent=28636"}],"curies":[{"name":"wp","href":"https:\/\/api.w.org\/{rel}","templated":true}]}}