{"id":30708,"date":"2025-12-15T14:44:24","date_gmt":"2025-12-15T13:44:24","guid":{"rendered":"https:\/\/isr.fbk.eu\/?page_id=30708"},"modified":"2026-03-31T10:23:56","modified_gmt":"2026-03-31T08:23:56","slug":"ciclo-solitudine-e-comunione-nella-religione-e-nelletica","status":"publish","type":"page","link":"https:\/\/isr.fbk.eu\/it\/ciclo-solitudine-e-comunione-nella-religione-e-nelletica\/","title":{"rendered":"Ciclo &#8220;Solitudine e comunione nella religione e nell\u2019etica&#8221;"},"content":{"rendered":"<p>La serie d\u2019incontri qui annunciata si propone di <strong>esplorare<\/strong>, con taglio teorico e comparativo, <strong>le molteplici declinazioni della solitudine nei contesti religiosi ed etici contemporanei<\/strong>, mettendo in dialogo le tradizioni che hanno fatto dell\u2019\u201cessere soli\u201d una pratica intenzionale di ascesi, introspezione e apertura al trascendente con le trasformazioni introdotte dalle tecnologie digitali. Muovendo lungo una semantica che distingue tra l\u2019essere solo come condizione, l\u2019essere solitario come esperienza esistenziale, l\u2019essere solingo come postura simbolica e culturale, e l\u2019essere desolato come forma di privazione relazionale e di crisi di senso, gli incontri metteranno tali figure in relazione dialettica con il concetto di comunione, di evidente ascendenza cristiana e cattolica ma di profonda risonanza sociale, interrogandone le diverse modalit\u00e0 di attuazione. La riflessione si estender\u00e0 cos\u00ec alle forme del condividere \u2014 dalla comunit\u00e0 rituale alla partecipazione affettiva, dalla condivisione della parola e del silenzio a quella dei dati, delle immagini e delle presenze mediate \u2014 per analizzare come esse non si oppongano semplicemente alla solitudine, ma la presuppongano, la attraversino o talora la producano. In questo quadro, <strong>l\u2019obiettivo non \u00e8 contrapporre ritiro e legame<\/strong>, isolamento e appartenenza, bens\u00ec comprendere come, nell\u2019epoca della mediazione tecnologica, solitudine e comunione si ridefiniscano reciprocamente, sollecitando una rinnovata riflessione etica e una possibile riformulazione del loro senso spirituale e sociale.<\/p>\n<p>&nbsp;<\/p>\n<p><a href=\"https:\/\/isr.fbk.eu\/wp-content\/uploads\/2026\/02\/Calendario-Seminari-ISR-2026_agg.-18-feb-2026.pdf\">CALENDARIO<\/a><\/p>\n<ul>\n<li>12 gennaio 2026 | 14.30 | Umberto CURI | <a href=\"https:\/\/isr.fbk.eu\/it\/events\/detail\/30700\/parlare-di-dio-parlare-con-dio-filosofia-e-teologia-in-dialogo-2026\/\">Parlare di dio, parlare con dio: filosofia e teologia in dialogo<\/a><\/li>\n<li>02 febbraio 2026 | 11.00 | Vincenzo SORRENTINO | <a href=\"https:\/\/isr.fbk.eu\/it\/events\/detail\/30742\/di-fronte-alla-sofferenza-compassione-e-politica-2026\/\">Di fronte alla sofferenza: compassione e politica<\/a><\/li>\n<li>16 febbraio 2026 | 11.00 | Stefano OLIVA | <a href=\"https:\/\/isr.fbk.eu\/it\/events\/detail\/30772\/solipsismo-o-comunita-wittgenstein-e-weil-al-di-la-dellalternativa-tra-io-e-noi-2026?preview=true\">Solipsismo o comunit\u00e0? Wittgenstein e Weil al di l\u00e0 dell\u2019alternativa tra io e noi<\/a><\/li>\n<li>02 marzo 2026 | 11.00 | Pietro VERENI | <a href=\"https:\/\/isr.fbk.eu\/it\/events\/detail\/30796\/fusione-o-identificazione-rituali-memoria-e-disconnessione-sociale-tra-isolamento-e-comunita-2026\/\">Fusione o identificazione? Rituali, memoria e (dis)connessione sociale tra isolamento e comunit\u00e0<\/a><\/li>\n<li>16 marzo 2026 | 11.00 | Aurelio MUSI | <a href=\"https:\/\/isr.fbk.eu\/wp-admin\/post.php?post=30794&amp;action=edit&amp;lang=it\">Solitudine e fragilit\u00e0: frammenti di un percorso storico fra passato e presente<\/a><\/li>\n<li>30 marzo 2026 | 11.00 | Alessandro ROSINA | <a href=\"https:\/\/isr.fbk.eu\/it\/events\/detail\/30841\/la-scomparsa-dei-giovani-fragilita-e-potenzialita-di-una-generazione-in-cerca-di-se-stessa-2026\">La scomparsa dei giovani: fragilit\u00e0 e potenzialit\u00e0 di una generazione in cerca di se stessa<\/a><\/li>\n<li>13 aprile 2026 | 11.00 | Luigi LOBACCARO |\u00a0<a href=\"https:\/\/isr.fbk.eu\/it\/events\/detail\/30923\/il-farmaco-della-solitudine-per-una-semiotica-degli-hikikomori-2026?preview=true\">Il farmaco della solitudine. Per una semiotica degli <em>hikikomori<\/em><\/a><\/li>\n<li>27 aprile 2026 | 11.00 | <a href=\"https:\/\/isr.fbk.eu\/it\/events\/detail\/30835\/lultima-a-morire-semiotiche-della-speranza-fra-religione-ed-etica-2026\/\">L\u2019ULTIMA A MORIRE. Semiotiche della speranza<\/a><\/li>\n<li>11 maggio 2026 | 11.00 | Sara Patuzzo MANZATI e Paolo MANGANOTTI | <a href=\"https:\/\/isr.fbk.eu\/it\/events\/detail\/30846\/unaltra-vita-quando-la-realta-virtuale-cura-la-solitudine-2026?preview=true\">Un\u2019altra vita. Quando la realt\u00e0 virtuale cura la solitudine<\/a><\/li>\n<li>19 maggio 2026 | 12.30 | Giornata di studi | Claudio CESA | Pensare la storia<\/li>\n<li>27 maggio 2026 | 11.00 | Stefano BIANCU | <a href=\"https:\/\/isr.fbk.eu\/it\/events\/detail\/30945\/la-solitudine-immensa-leta-moderna-di-fronte-alla-condizione-umana-2026\">\u201cLa solitudine immensa\u201d. L\u2019et\u00e0 moderna di fronte alla condizione umana<\/a><\/li>\n<li>08 giugno 2026 | 11.00 | Rav David MEYER | <a href=\"https:\/\/isr.fbk.eu\/it\/events\/detail\/30756\/solo-sul-sentiero-sbiadito-dellhalakhah-2026?preview=true\">Solo sul sentiero sbiadito dell&#8217;Halakhah<\/a><\/li>\n<li>22 giugno 2026 | 11.00 | Ananda ABEYSEKARA | <a href=\"https:\/\/isr.fbk.eu\/it\/events\/detail\/30899\/tradizione-buddista-comunita-e-forme-di-vita-2026?preview=true\">Tradizione buddista, comunit\u00e0 e forme di vita<\/a><\/li>\n<li>30 giugno 2026 | 11.00 | Tiziana FAITINI | La riflessione di Jean-Dominique Chenu<\/li>\n<li>06 luglio 2026 | 11.00 | Fabian WINIGER<\/li>\n<li>20 luglio 2026 | 11.00 | Massimo GARGIULO | <a href=\"https:\/\/isr.fbk.eu\/it\/events\/detail\/30759\/tra-risorsa-e-pericolo-alcune-idee-sulla-solitudine-in-filone-di-alessandria-2026\/\">Tra risorsa e pericolo: alcune idee sulla solitudine in Filone di Alessandria<\/a><\/li>\n<li>07 settembre 2026 | 11.00 | Jean-Philippe COBBAUT | Health and communities of care<\/li>\n<li>14 settembre 2026 | 11.00 | Paolo COSTA | La solitudine del parresiasta: Rousseau, Foucault e Arendt sull&#8217;enigma del pensare da s\u00e9<\/li>\n<li>05 ottobre 2026 | 11.00 | Dimitri \u00a0D&#8217;ANDREA | Contro il mito della singolarit\u00e0 (titolo provvisorio)<\/li>\n<li>19 ottobre 2026 | 11.00 | Antonio LUCCI | Tecniche di solitudine. Dagli asceti all&#8217;intelligenza artificiale<\/li>\n<li>26 ottobre 2026 | 11.00 | Maria Chiara GIORDA | Monachesimo (titolo provvisorio)<\/li>\n<li>09 novembre 2026 | 11.00 | Seminario | Paola Giacomoni<\/li>\n<li>23 novembre 2026 | 11.00 | Mario PANICO | Spaces of Nostalgia (provisional title) &#8211; in collaborazione con ISIG e UniTN\/LIMS<\/li>\n<li>14 dicembre 2026 | 11.00 | Seminario<\/li>\n<li>15-16-17-18 dicembre 2026 | 14.00 | IL SENSO SOLINGO: Solitudine e condivisione nella religione e nelle etiche digitali<\/li>\n<\/ul>\n<p>&nbsp;<\/p>\n<p>&nbsp;<\/p>\n<p>&nbsp;<\/p>\n<p><em>***<\/em><br \/>\n<em>Il calendario potrebbe subire variazioni.<\/em><\/p>\n<p>&nbsp;<\/p>\n<p>***<br \/>\n<em>Immagine: AdobeStock_518968971<\/em><\/p>\n<p>&nbsp;<\/p>\n<table width=\"100%\" cellpadding=\"30\">\n<thead><\/thead>\n<tbody>\n<tr>\n<td><img loading=\"lazy\" decoding=\"async\" class=\"\" src=\"https:\/\/isig.fbk.eu\/wp-content\/uploads\/2024\/06\/Logo_MIC_2024.png\" alt=\"\" width=\"224\" height=\"78\" align=\"top\" \/><\/td>\n<td style=\"padding-left: 40px; vertical-align: top;\">\n<h6><span style=\"font-weight: 400;\">L&#8217;iniziativa \u00e8 stata realizzata anche grazie al contributo della Direzione generale Educazione, ricerca e istituti culturali del Ministero della Cultura.<\/span><\/h6>\n<\/td>\n<\/tr>\n<\/tbody>\n<\/table>\n<p>&nbsp;<\/p>\n","protected":false},"excerpt":{"rendered":"<p>La serie d\u2019incontri qui annunciata si propone di esplorare, con taglio teorico e comparativo, le molteplici declinazioni della solitudine nei contesti religiosi ed etici contemporanei, mettendo in dialogo le tradizioni che hanno fatto dell\u2019\u201cessere soli\u201d una pratica intenzionale di ascesi, introspezione e apertura al trascendente con le trasformazioni introdotte dalle tecnologie digitali. Muovendo lungo una [&hellip;]<\/p>\n","protected":false},"author":9,"featured_media":30710,"parent":0,"menu_order":0,"comment_status":"closed","ping_status":"closed","template":"","meta":{"footnotes":""},"class_list":["post-30708","page","type-page","status-publish","has-post-thumbnail","hentry"],"yoast_head":"<!-- This site is optimized with the Yoast SEO plugin v27.4 - https:\/\/yoast.com\/product\/yoast-seo-wordpress\/ -->\n<title>Ciclo &quot;Solitudine e comunione nella religione e nell\u2019etica&quot; - FBK ISR<\/title>\n<meta name=\"robots\" content=\"index, follow, max-snippet:-1, max-image-preview:large, max-video-preview:-1\" \/>\n<link rel=\"canonical\" href=\"https:\/\/isr.fbk.eu\/it\/ciclo-solitudine-e-comunione-nella-religione-e-nelletica\/\" \/>\n<meta property=\"og:locale\" content=\"it_IT\" \/>\n<meta property=\"og:type\" content=\"article\" \/>\n<meta property=\"og:url\" content=\"https:\/\/isr.fbk.eu\/it\/ciclo-solitudine-e-comunione-nella-religione-e-nelletica\/\" \/>\n<meta property=\"og:site_name\" content=\"FBK ISR\" \/>\n<meta property=\"article:modified_time\" content=\"2026-03-31T08:23:56+00:00\" \/>\n<meta property=\"og:image\" content=\"https:\/\/isr.fbk.eu\/wp-content\/uploads\/2025\/12\/Immagine-per-ciclo-ISR_Solitudine-e-comunione-nella-religione-e-nelletica.jpg\" \/>\n\t<meta property=\"og:image:width\" content=\"1600\" \/>\n\t<meta property=\"og:image:height\" content=\"600\" \/>\n\t<meta property=\"og:image:type\" content=\"image\/jpeg\" \/>\n<meta name=\"twitter:card\" content=\"summary_large_image\" \/>\n<meta name=\"twitter:label1\" content=\"Tempo di lettura stimato\" \/>\n\t<meta name=\"twitter:data1\" content=\"4 minuti\" \/>\n<script type=\"application\/ld+json\" class=\"yoast-schema-graph\">{\"@context\":\"https:\\\/\\\/schema.org\",\"@graph\":[{\"@type\":\"WebPage\",\"@id\":\"https:\\\/\\\/isr.fbk.eu\\\/it\\\/ciclo-solitudine-e-comunione-nella-religione-e-nelletica\\\/\",\"url\":\"https:\\\/\\\/isr.fbk.eu\\\/it\\\/ciclo-solitudine-e-comunione-nella-religione-e-nelletica\\\/\",\"name\":\"Ciclo \\\"Solitudine e comunione nella religione e nell\u2019etica\\\" - FBK ISR\",\"isPartOf\":{\"@id\":\"https:\\\/\\\/isr.fbk.eu\\\/it\\\/#website\"},\"primaryImageOfPage\":{\"@id\":\"https:\\\/\\\/isr.fbk.eu\\\/it\\\/ciclo-solitudine-e-comunione-nella-religione-e-nelletica\\\/#primaryimage\"},\"image\":{\"@id\":\"https:\\\/\\\/isr.fbk.eu\\\/it\\\/ciclo-solitudine-e-comunione-nella-religione-e-nelletica\\\/#primaryimage\"},\"thumbnailUrl\":\"https:\\\/\\\/isr.fbk.eu\\\/wp-content\\\/uploads\\\/2025\\\/12\\\/Immagine-per-ciclo-ISR_Solitudine-e-comunione-nella-religione-e-nelletica.jpg\",\"datePublished\":\"2025-12-15T13:44:24+00:00\",\"dateModified\":\"2026-03-31T08:23:56+00:00\",\"breadcrumb\":{\"@id\":\"https:\\\/\\\/isr.fbk.eu\\\/it\\\/ciclo-solitudine-e-comunione-nella-religione-e-nelletica\\\/#breadcrumb\"},\"inLanguage\":\"it-IT\",\"potentialAction\":[{\"@type\":\"ReadAction\",\"target\":[\"https:\\\/\\\/isr.fbk.eu\\\/it\\\/ciclo-solitudine-e-comunione-nella-religione-e-nelletica\\\/\"]}]},{\"@type\":\"ImageObject\",\"inLanguage\":\"it-IT\",\"@id\":\"https:\\\/\\\/isr.fbk.eu\\\/it\\\/ciclo-solitudine-e-comunione-nella-religione-e-nelletica\\\/#primaryimage\",\"url\":\"https:\\\/\\\/isr.fbk.eu\\\/wp-content\\\/uploads\\\/2025\\\/12\\\/Immagine-per-ciclo-ISR_Solitudine-e-comunione-nella-religione-e-nelletica.jpg\",\"contentUrl\":\"https:\\\/\\\/isr.fbk.eu\\\/wp-content\\\/uploads\\\/2025\\\/12\\\/Immagine-per-ciclo-ISR_Solitudine-e-comunione-nella-religione-e-nelletica.jpg\",\"width\":1600,\"height\":600,\"caption\":\"Immagine per ciclo ISR -sedie\"},{\"@type\":\"BreadcrumbList\",\"@id\":\"https:\\\/\\\/isr.fbk.eu\\\/it\\\/ciclo-solitudine-e-comunione-nella-religione-e-nelletica\\\/#breadcrumb\",\"itemListElement\":[{\"@type\":\"ListItem\",\"position\":1,\"name\":\"Home\",\"item\":\"https:\\\/\\\/isr.fbk.eu\\\/it\\\/\"},{\"@type\":\"ListItem\",\"position\":2,\"name\":\"Ciclo &#8220;Solitudine e comunione nella religione e nell\u2019etica&#8221;\"}]},{\"@type\":\"WebSite\",\"@id\":\"https:\\\/\\\/isr.fbk.eu\\\/it\\\/#website\",\"url\":\"https:\\\/\\\/isr.fbk.eu\\\/it\\\/\",\"name\":\"FBK ISR\",\"description\":\"Just another WordPress site\",\"potentialAction\":[{\"@type\":\"SearchAction\",\"target\":{\"@type\":\"EntryPoint\",\"urlTemplate\":\"https:\\\/\\\/isr.fbk.eu\\\/it\\\/?s={search_term_string}\"},\"query-input\":{\"@type\":\"PropertyValueSpecification\",\"valueRequired\":true,\"valueName\":\"search_term_string\"}}],\"inLanguage\":\"it-IT\"}]}<\/script>\n<!-- \/ Yoast SEO plugin. -->","yoast_head_json":{"title":"Ciclo \"Solitudine e comunione nella religione e nell\u2019etica\" - FBK ISR","robots":{"index":"index","follow":"follow","max-snippet":"max-snippet:-1","max-image-preview":"max-image-preview:large","max-video-preview":"max-video-preview:-1"},"canonical":"https:\/\/isr.fbk.eu\/it\/ciclo-solitudine-e-comunione-nella-religione-e-nelletica\/","og_locale":"it_IT","og_type":"article","og_url":"https:\/\/isr.fbk.eu\/it\/ciclo-solitudine-e-comunione-nella-religione-e-nelletica\/","og_site_name":"FBK ISR","article_modified_time":"2026-03-31T08:23:56+00:00","og_image":[{"width":1600,"height":600,"url":"https:\/\/isr.fbk.eu\/wp-content\/uploads\/2025\/12\/Immagine-per-ciclo-ISR_Solitudine-e-comunione-nella-religione-e-nelletica.jpg","type":"image\/jpeg"}],"twitter_card":"summary_large_image","twitter_misc":{"Tempo di lettura stimato":"4 minuti"},"schema":{"@context":"https:\/\/schema.org","@graph":[{"@type":"WebPage","@id":"https:\/\/isr.fbk.eu\/it\/ciclo-solitudine-e-comunione-nella-religione-e-nelletica\/","url":"https:\/\/isr.fbk.eu\/it\/ciclo-solitudine-e-comunione-nella-religione-e-nelletica\/","name":"Ciclo \"Solitudine e comunione nella religione e nell\u2019etica\" - FBK ISR","isPartOf":{"@id":"https:\/\/isr.fbk.eu\/it\/#website"},"primaryImageOfPage":{"@id":"https:\/\/isr.fbk.eu\/it\/ciclo-solitudine-e-comunione-nella-religione-e-nelletica\/#primaryimage"},"image":{"@id":"https:\/\/isr.fbk.eu\/it\/ciclo-solitudine-e-comunione-nella-religione-e-nelletica\/#primaryimage"},"thumbnailUrl":"https:\/\/isr.fbk.eu\/wp-content\/uploads\/2025\/12\/Immagine-per-ciclo-ISR_Solitudine-e-comunione-nella-religione-e-nelletica.jpg","datePublished":"2025-12-15T13:44:24+00:00","dateModified":"2026-03-31T08:23:56+00:00","breadcrumb":{"@id":"https:\/\/isr.fbk.eu\/it\/ciclo-solitudine-e-comunione-nella-religione-e-nelletica\/#breadcrumb"},"inLanguage":"it-IT","potentialAction":[{"@type":"ReadAction","target":["https:\/\/isr.fbk.eu\/it\/ciclo-solitudine-e-comunione-nella-religione-e-nelletica\/"]}]},{"@type":"ImageObject","inLanguage":"it-IT","@id":"https:\/\/isr.fbk.eu\/it\/ciclo-solitudine-e-comunione-nella-religione-e-nelletica\/#primaryimage","url":"https:\/\/isr.fbk.eu\/wp-content\/uploads\/2025\/12\/Immagine-per-ciclo-ISR_Solitudine-e-comunione-nella-religione-e-nelletica.jpg","contentUrl":"https:\/\/isr.fbk.eu\/wp-content\/uploads\/2025\/12\/Immagine-per-ciclo-ISR_Solitudine-e-comunione-nella-religione-e-nelletica.jpg","width":1600,"height":600,"caption":"Immagine per ciclo ISR -sedie"},{"@type":"BreadcrumbList","@id":"https:\/\/isr.fbk.eu\/it\/ciclo-solitudine-e-comunione-nella-religione-e-nelletica\/#breadcrumb","itemListElement":[{"@type":"ListItem","position":1,"name":"Home","item":"https:\/\/isr.fbk.eu\/it\/"},{"@type":"ListItem","position":2,"name":"Ciclo &#8220;Solitudine e comunione nella religione e nell\u2019etica&#8221;"}]},{"@type":"WebSite","@id":"https:\/\/isr.fbk.eu\/it\/#website","url":"https:\/\/isr.fbk.eu\/it\/","name":"FBK ISR","description":"Just another WordPress site","potentialAction":[{"@type":"SearchAction","target":{"@type":"EntryPoint","urlTemplate":"https:\/\/isr.fbk.eu\/it\/?s={search_term_string}"},"query-input":{"@type":"PropertyValueSpecification","valueRequired":true,"valueName":"search_term_string"}}],"inLanguage":"it-IT"}]}},"meta_box":{"_more_label":"","_more_page":"","_top_contents":"","_bottom_contents":"","_styles":"","_primary_highlights":[{"from":{"timestamp":"0"},"until":{"timestamp":"0"},"target":"_self","layout":"align-center","size":"half"}],"_secondary_highlights":[{"from":{"timestamp":"0"},"until":{"timestamp":"0"},"target":"_self"}],"_homepage_shortcuts":[{"section_shortcuts":[{"shortcut_thumbnail":{"shortcut_thumbnail_mode":"0"},"shortcut_link":{"shortcut_link_target":"_self"}}]}],"_homepage_call_to_action":{"destination_target":"_self"},"_highlights_limit":"0","_highlights_page":"","_events_limit":"4","_events_page":"","_news_limit":"4","_news_page":"","_contacts_locations_sections":[{"entries":[{"entry_thumbnail":{"entry_thumbnail_mode":"image"}}]}],"type":"fbkevent","category":[],"ordering":"asc","_past_projects_style":"default","_projects":[{"style":"default"}],"_sections":[],"_network_and_partners_sections":[],"_tabbed_contents_sections":[],"_blocks":[{"block_thumbnail":{"block_thumbnail_mode":"none"},"links":[{"link_target":"_self"}]}],"_blocks_navigation":"","_latest_publications_limit":"3","_latest_publications_style":"default","_latest_publications_entries":[{"entry_type":"page"}],"_publications_highlights":[{"publication_type":"none"}],"_publications_custom":[],"_publications_filters_years":"","_publications_filters_number_of_years":"","_publications_filters_from_year":"2025","_publications_filters_until_year":"2025","_publications_filters_count":"","_sidebar":"","_outline":"","_outline_title":"","_page_list_by_areas_display_mode":"","_page_list_by_areas_area":[],"_area":"","_areas_overview_directors":[],"_areas_overview_managers_status":"all","_areas_overview_managers_mode":"automatic","_areas_overview_managers":[],"_areas_overview_heads_status":"all","_areas_overview_heads_mode":"automatic","_areas_overview_heads":[],"_areas_overview_people_status":"all","_areas_overview_people_mode":"automatic","_areas_overview_people":[],"_area_units_mode":"automatic","_area_units_posts":[]},"_links":{"self":[{"href":"https:\/\/isr.fbk.eu\/it\/wp-json\/wp\/v2\/pages\/30708","targetHints":{"allow":["GET"]}}],"collection":[{"href":"https:\/\/isr.fbk.eu\/it\/wp-json\/wp\/v2\/pages"}],"about":[{"href":"https:\/\/isr.fbk.eu\/it\/wp-json\/wp\/v2\/types\/page"}],"author":[{"embeddable":true,"href":"https:\/\/isr.fbk.eu\/it\/wp-json\/wp\/v2\/users\/9"}],"replies":[{"embeddable":true,"href":"https:\/\/isr.fbk.eu\/it\/wp-json\/wp\/v2\/comments?post=30708"}],"version-history":[{"count":0,"href":"https:\/\/isr.fbk.eu\/it\/wp-json\/wp\/v2\/pages\/30708\/revisions"}],"wp:featuredmedia":[{"embeddable":true,"href":"https:\/\/isr.fbk.eu\/it\/wp-json\/wp\/v2\/media\/30710"}],"wp:attachment":[{"href":"https:\/\/isr.fbk.eu\/it\/wp-json\/wp\/v2\/media?parent=30708"}],"curies":[{"name":"wp","href":"https:\/\/api.w.org\/{rel}","templated":true}]}}