{"id":94,"date":"2017-06-12T10:25:13","date_gmt":"2017-06-12T10:25:13","guid":{"rendered":"https:\/\/isr.fbk.eu\/publications\/"},"modified":"2022-11-17T13:15:12","modified_gmt":"2022-11-17T12:15:12","slug":"publications","status":"publish","type":"page","link":"https:\/\/isr.fbk.eu\/it\/publications\/","title":{"rendered":"Pubblicazioni"},"content":{"rendered":"<p>In questa pagine sono raccolti alcuni risultati delle attivit\u00e0 scientifiche svolte dai ricercatori e dalle ricercatrici del Centro per le Scienze Religiose.<\/p>\n<p>Potete qui trovare una breve lista di <span style=\"text-decoration: underline;\">pubblicazioni selezionate<\/span>, divise per ricercatore\/trice, presso editori e riviste specialistiche nazionali e internazionali.<\/p>\n<p>Il Centro ha inoltre le proprie pubblicazioni, gli <a href=\"https:\/\/books.fbk.eu\/pubblicazioni\/riviste\/annali-isr\/\">Annali di Studi Religiosi<\/a> e la <a href=\"https:\/\/books.fbk.eu\/pubblicazioni\/collane\/nuova-serie\/\">Collana Nuova Serie<\/a>. Generalmente soggette a peer review, le pubblicazioni sono realizzate in formato stampa e\/o digitale, e alcune di esse sono ad accesso libero. Il team editoriale di FBK si occupa della redazione dei testi e, ove necessario, delle traduzioni delle pubblicazioni del Centro, pubblicate da <a href=\"https:\/\/books.fbk.eu\/pubblicazioni\/collane\/fbk-press\/\/\">FBK Press<\/a>.<\/p>\n<p><span style=\"text-decoration: underline;\">PUBBLICAZIONI SELEZIONATE:<\/span><\/p>\n<p>Monica Consolandi<\/p>\n<ul>\n<li>&#8220;Implicit understandings and trust in the doctor-patient relationship: a philosophy of language analysis in pre-operative evaluations&#8221;, Theoretical Medicine and Bioethics, (forthcoming).<\/li>\n<li>Martini C, Consolandi M, Battisti D, Bina F, &#8220;Knowledge broker in crisis: public communication of science during COVID-19 pandemic&#8221;, Social Indicators of Trust 36(5): Social Epistemology, (2022), DOI: 10.1080\/02691728.2022.2116961<\/li>\n<li>Consolandi M, Riccio M, &#8220;Eumanipolazione. Dalla donazione degli organi alla comunicazione medico-paziente, in Bioetica \u2013 Rivista Interdisciplinare, anno XXVIII, n.2-3, (2020), pp. 315-335.<\/li>\n<li>Bazzanella D, Bincoletto G, Consolandi M, Fasan M, Gennari F, La Vattiata F C, Rinaldi L, Roccaro D, Zaccaria C, &#8220;Artificial and Biological Neurons: Interdisciplinary Issues and Future Perspectives&#8221;, White Paper, Biolaw Journal \u2013 Rivista di Biodiritto, n.1 (2021), pp. 353-379<\/li>\n<li>Consolandi M, Martini C, Reni M, Arcidiacono P G, Falconi M, Graffigna G, Capurso G, &#8220;COMMUNI.CARE (COMMUNIcation and patient engagement at diagnosis of PAncreatic CAncer): study protocol&#8221;, in: Hot Topics in Pancreatology from Europe-2020, Frontiers in Medicine, (2020) DOI: 10.3389\/fmed.2020.00134<\/li>\n<\/ul>\n<p>Paolo Costa<\/p>\n<ul>\n<li>&#8220;Montagne risonanti&#8221;. Bottega Errante, Udine, (2023, in press)<\/li>\n<li>&#8220;The Post-Secular City: The New Secularization Debate&#8221;, Brill, Paderborn, (2022).<\/li>\n<li>&#8220;Prisoners of a Metaphor: Secularization as a Deicidal Epidemic&#8221;, Interdisciplinary Journal for Religion and Transformation in Contemporary Society, 7.2, (2021); (Special Issue: Religion and Disease, ed. by R\u00fcdiger Lohlker), pp. 376-397.<\/li>\n<li>&#8220;Un romanticismo ragionevole: il tesoro filosofico di Charles Taylor&#8221;, introduzione a: C. Taylor, Modernit\u00e0 al bivio: l\u2019eredit\u00e0 della ragione romantica, a cura di P. Costa, Marietti 1820, Bologna, (2021), pp. 5-20.<\/li>\n<li>&#8220;Reenchantment as Resonance&#8221;, in: H. de Vriese &#8211; M. Meijter (eds.), The Philosophy of Reenchantment, Routledge, London and New York, (2021), pp. 132-158.<\/li>\n<\/ul>\n<p>Valeria Fabretti<\/p>\n<p>Silvio Ferrari<\/p>\n<p>Lucia Galvagni<\/p>\n<ul>\n<li>A. Nordberg, T. Minssen, O. Feeney, I. de Miguel Berlain, L. Galvagni, K. Wartiovaara, &#8220;Regulating germline editing in assisted reproductive technology: An EU cross-disciplinary perspective&#8221;, Bioethics, 34 (2020), pp. 16- 32.<\/li>\n<li>&#8220;A digital spirituality for digital humans?&#8221;, in: E. Innerhofer, G. Isetti, H. Pechlaner (eds.), Religion in the Age of Digitalization. Spirituality and Human Interaction, Routledge (2020), pp. 144-154.<\/li>\n<li>&#8220;New motherhood? Embodiment and relationships in assisted reproductive technology&#8221;, Phenomenology and Mind, 19, (2020), pp. 112-12.<\/li>\n<li>&#8220;Narrazioni cliniche. Etica e comunicazione in medicina&#8221;, Carocci, Roma, (2020).<\/li>\n<li>&#8220;Salute, benessere e corporeit\u00e0: il contributo delle religioni e della spiritualit\u00e0&#8221;, Daimon (2021), pp. 151- 164.<\/li>\n<\/ul>\n<p>Sara Hejazi<\/p>\n<ul>\n<li>&#8220;Il senso della specie. Perch\u00e9 la cultura planetaria \u00e8 il destino dell&#8217;umanit\u00e0&#8221;. Erickson, Il Margine, (2021) ISBN: 9791259820266.<\/li>\n<li>S. Hejazi, M.C. Giorda, M. Bombardieri (eds.), &#8220;Capire l&#8217;Islam. Mito o realt\u00e0?&#8221;,\u00a0 Schol\u00e8, (2019).<\/li>\n<li>&#8220;Humankind the best of Molds. Islam confronting transhumanism&#8221;, SOPHIA, 58, 677\u2013688 (2019). https:\/\/doi.org\/10.1007\/s11841-019-00755-7.<\/li>\n<li>&#8220;Religion2go! Sperimentare la realt\u00e0 virtuale nella super diversit\u00e0&#8221;, Annali di studi religiosi, 19, (2018), pp. 213, ISSN 2284-3892 .<\/li>\n<li>&#8220;Angeli, demoni, cattedrali e crocifissi virtuali. I simboli cristiani nei videogiochi&#8221;, in: &#8220;la manipolazione del sacro&#8221;, V. Montieri (ed.), Mimesis, (2021).<\/li>\n<\/ul>\n<p>Deborah Sabrina Iannotti<\/p>\n<p>Eugenia Lancellotta<\/p>\n<ul>\n<li>&#8220;Is the biological adaptiveness of delusions doomed?&#8221;, Review of Philosophy and Psychology 13, (2022), 47\u201363.<\/li>\n<li>Lancellotta, E. and Bortolotti, L., &#8220;Delusions in the two-factor theory: pathological or adaptive?&#8221; European Journal of Analytic Philosophy, 16(2), (2020), 37-57.<\/li>\n<li>Lancellotta, E. and Bortolotti, L., &#8220;Are clinical delusions adaptive?&#8221;, WIREs Interdisciplinary Reviews. Cognitive Sciences. 10(5): e1502, (2019).<\/li>\n<\/ul>\n<p>Massimo Leone<\/p>\n<ul>\n<li>&#8220;Religious Conversion and Identity: The Semiotic Analysis of Texts&#8221;. London and New York: Routledge (2004), 242 pp.<\/li>\n<li>&#8220;Saints and Signs: A Semiotic Reading of Conversion in Early Modern Catholicism&#8221;. Berlin and New York: Walter de Gruyter, (2010); 656 pp.<\/li>\n<li>&#8220;Spiritualit\u00e0 digitale: il senso religioso nell&#8217;era della smaterializzazione&#8221;. Udine: Mimesis, (2014).<\/li>\n<li>&#8220;S\u00e9miotique du fondamentalisme : messages, rh\u00e9torique, force persuasive&#8221;. Paris: l&#8217;Harmattan,(2014); Arabic translation in 2015.<\/li>\n<li>&#8220;On Insignificance&#8221;. London and New York, Routledge, (2019), 226 pp.; Chinese translation in 2019.<\/li>\n<\/ul>\n<p>Boris R\u00e4hme<\/p>\n<ul>\n<li>&#8220;Religion and Innovation: Charting the Territory&#8221;, in: B. Godin, G. Gaglio, D. Vinck (eds.), Handbook of Alternative Theories of Innovation, Cheltenham, UK, Northampton, MA: Edward Elgar Publishing (2021), pp. 310-333.<\/li>\n<li>&#8220;Artificial Intelligence and Religion: Between Grand Narratives and Existing AI&#8221;, Material Religion, 17.4, (2021), pp. 547-549, DOI: 10.1080\/17432200.2021.1947030.<\/li>\n<li>&#8220;Religious Disagreement and Religious Relevance: A Perspective from Contemporary Philosophical Epistemology&#8221;, ET-Studies: Journal of the European Society for Catholic Theology, 11.1, (2020), pp. 25-46. DOI: 10.2143\/ETS.11.1.3287651.<\/li>\n<li>&#8220;Is Transhumanism a Religion?&#8221;, in: G. Isetti, E. Innerhofer, H. Pechlaner (eds.), Religion in the Age of Digitalization: From New Media to Spiritual Machines, New York, London: Routledge, (2020), pp. 119-134.<\/li>\n<li>&#8220;Digital Religion, the Supermarket, and the Commons&#8221;, Soci\u00e9t\u00e9s 139.1, (2018), pp. 73-86.<\/li>\n<\/ul>\n<p>Alberto Romele<\/p>\n<ul>\n<li>Romele, A., and Severo, M., \u201cQue veulent les images de l\u2019IA ? Une exploration de la communication scientifique visuelle de l\u2019intelligence artificielle\u201d, Soci\u00e9t\u00e9s &amp; Repr\u00e9sentations (2022).<\/li>\n<li>\u201cImages of Artificial Intelligence: A Blind Spot in AI Ethics\u201d, Philosophy &amp; Technology (2022).<\/li>\n<li>\u201cIs Critical Constructivism Critical Enough?\u201d, in: D. Cressman (ed.), The Necessity of Critique: Andrew Feenberg\u2019s Philosophy of Technology, Springer, (2022).<\/li>\n<li>Romele, A., Reijers, W., and Coeckelbergh, M. (eds.), &#8220;Interpreting Technology: Ricoeur on Questions Concerning Ethics and Philosophy of Technology&#8221;, Rowmann &amp; Littlefield, Philosophy, Technology, and Society Series, (2021).<\/li>\n<li>&#8220;Digital Hermeneutics: Philosophical Investigations in New Media and Technologies&#8221;, Routledge, (2020)<\/li>\n<\/ul>\n<p>Debora Tonelli<\/p>\n<ul>\n<li>(ed.), &#8220;Fratelli tutti? Credenti e non credenti in dialogo con Papa Francesco&#8221;, Castelvecchi, Roma, (2022).<\/li>\n<li>&#8220;Decentralizing Theology: The Second Vatican Council and Peter Phan&#8221;; in: Lefebure L. (ed), Theology without Borders. Essays in Honor of Peter C. Phan, Georgetown University Press, Washington D. C. (2022), pp. 219- 234.<\/li>\n<li>(ed.), &#8220;Religion, Violence and Reconciliation&#8221;, special issue in Annali di Studi Religiosi, 21\/2020, I (2020), pp. 161-281.<\/li>\n<li>&#8220;Der Dekalog. Eine retrospektive Betrachtung&#8221;, Katholisches Bibelwerk, Stuttgart (2017).<\/li>\n<li>&#8220;Immagini di violenza divina nell\u2019AT&#8221;, Dehoniane, Bologna (2014).<\/li>\n<\/ul>\n<p>Enrico Piergiacomi<\/p>\n<ul>\n<li>&#8220;\u00abAmicus Lucretius\u00bb. Gassendi, il \u00abDe rerum natura\u00bb e l\u2019edonismo cristiano&#8221;, Berlin-New York, De Gruyter, (2022).<\/li>\n<li>&#8220;\u00abHorror\u00bb in Lucretius. DRN III, 28-30, the sublime and the Epicurean \u00abproficens\u00bb&#8221;, Philosophie antique, 22 (2022), pp. 29-63.<\/li>\n<li>&#8220;Sin and Divine Pleasure in the Atomistic Tradition: from Epicurus\u2019 Theology to Gassendi\u2019s \u00abSyntagma philosophicum\u00bb&#8221;, Freiburger Zeitschrift f\u00fcr Philosophie und Theologie, 69.2 (2022), pp. 213-230.<\/li>\n<li>&#8220;Language&#8221;, in: P. Mitsis (ed.), The Oxford Handbook of Epicurus and Epicureanism, Oxford, Oxford University Press, (2020), pp. 308-332;<\/li>\n<li>&#8220;Storia delle antiche teologie atomiste&#8221;, Roma, Sapienza Universit\u00e0 Editrice, (2017).<\/li>\n<\/ul>\n<p>Ilaria Valenzi<\/p>\n<ul>\n<li>&#8220;Il populismo religioso tra teologia e politica (curatela e introduzione)&#8221;, Claudiana, Torino, (2022).<\/li>\n<li>&#8220;A Multiplication of Blessing: Families and LGBTQ Rights within the Waldensian Church&#8221;, in: N. Palazzo, J.A. Redding (eds.), Queer and Religious Alliances in Family Law Politics and Beyond, Anthem Press, (2022).<\/li>\n<li>&#8220;L&#8217;impatto del Covd &#8211; 19 sugli ordinamenti giuridici delle Chiese cristiane protestanti. Prime note&#8221;, Daimon &#8211; Annuario di diritto comparato delle religioni, Il Mulino, Bologna, (2021).<\/li>\n<li>&#8220;Libert\u00e0 religiosa e intelligenza artificiale: note introduttive&#8221;, Quaderni di diritto e politica ecclesiastica, 2, (2020), Il Mulino, Bologna, (2020).<\/li>\n<li>&#8220;Modello giuridico e modello teologico di accoglienza. L&#8217;esperienza dei corridoi umanitari&#8221;, in: D. Ferrari, F. Mugnaini (a cura di), L&#8217;Europa come rifugio? La condizione di rifugiato tra diritto e societ\u00e0, Betti Editore, Siena, (2019).<\/li>\n<\/ul>\n<p>&nbsp;<\/p>\n","protected":false},"excerpt":{"rendered":"<p>In questa pagine sono raccolti alcuni risultati delle attivit\u00e0 scientifiche svolte dai ricercatori e dalle ricercatrici del Centro per le Scienze Religiose. Potete qui trovare una breve lista di pubblicazioni selezionate, divise per ricercatore\/trice, presso editori e riviste specialistiche nazionali e internazionali. Il Centro ha inoltre le proprie pubblicazioni, gli Annali di Studi Religiosi e [&hellip;]<\/p>\n","protected":false},"author":1,"featured_media":0,"parent":0,"menu_order":0,"comment_status":"closed","ping_status":"closed","template":"backbone\/page-templates\/books\/catalogue.php","meta":{"footnotes":""},"class_list":["post-94","page","type-page","status-publish","hentry"],"yoast_head":"<!-- This site is optimized with the Yoast SEO plugin v27.3 - https:\/\/yoast.com\/product\/yoast-seo-wordpress\/ -->\n<title>Pubblicazioni - FBK ISR<\/title>\n<meta name=\"robots\" content=\"index, follow, max-snippet:-1, max-image-preview:large, max-video-preview:-1\" \/>\n<link rel=\"canonical\" href=\"https:\/\/isr.fbk.eu\/it\/publications\/\" \/>\n<meta property=\"og:locale\" content=\"it_IT\" \/>\n<meta property=\"og:type\" content=\"article\" \/>\n<meta property=\"og:url\" content=\"https:\/\/isr.fbk.eu\/it\/publications\/\" \/>\n<meta property=\"og:site_name\" content=\"FBK ISR\" \/>\n<meta property=\"article:modified_time\" content=\"2022-11-17T12:15:12+00:00\" \/>\n<meta name=\"twitter:card\" content=\"summary_large_image\" \/>\n<meta name=\"twitter:label1\" content=\"Tempo di lettura stimato\" \/>\n\t<meta name=\"twitter:data1\" content=\"6 minuti\" \/>\n<script type=\"application\/ld+json\" class=\"yoast-schema-graph\">{\"@context\":\"https:\\\/\\\/schema.org\",\"@graph\":[{\"@type\":\"WebPage\",\"@id\":\"https:\\\/\\\/isr.fbk.eu\\\/it\\\/publications\\\/\",\"url\":\"https:\\\/\\\/isr.fbk.eu\\\/it\\\/publications\\\/\",\"name\":\"Pubblicazioni - FBK ISR\",\"isPartOf\":{\"@id\":\"https:\\\/\\\/isr.fbk.eu\\\/it\\\/#website\"},\"datePublished\":\"2017-06-12T10:25:13+00:00\",\"dateModified\":\"2022-11-17T12:15:12+00:00\",\"breadcrumb\":{\"@id\":\"https:\\\/\\\/isr.fbk.eu\\\/it\\\/publications\\\/#breadcrumb\"},\"inLanguage\":\"it-IT\",\"potentialAction\":[{\"@type\":\"ReadAction\",\"target\":[\"https:\\\/\\\/isr.fbk.eu\\\/it\\\/publications\\\/\"]}]},{\"@type\":\"BreadcrumbList\",\"@id\":\"https:\\\/\\\/isr.fbk.eu\\\/it\\\/publications\\\/#breadcrumb\",\"itemListElement\":[{\"@type\":\"ListItem\",\"position\":1,\"name\":\"Home\",\"item\":\"https:\\\/\\\/isr.fbk.eu\\\/it\\\/\"},{\"@type\":\"ListItem\",\"position\":2,\"name\":\"Pubblicazioni\"}]},{\"@type\":\"WebSite\",\"@id\":\"https:\\\/\\\/isr.fbk.eu\\\/it\\\/#website\",\"url\":\"https:\\\/\\\/isr.fbk.eu\\\/it\\\/\",\"name\":\"FBK ISR\",\"description\":\"Just another WordPress site\",\"potentialAction\":[{\"@type\":\"SearchAction\",\"target\":{\"@type\":\"EntryPoint\",\"urlTemplate\":\"https:\\\/\\\/isr.fbk.eu\\\/it\\\/?s={search_term_string}\"},\"query-input\":{\"@type\":\"PropertyValueSpecification\",\"valueRequired\":true,\"valueName\":\"search_term_string\"}}],\"inLanguage\":\"it-IT\"}]}<\/script>\n<!-- \/ Yoast SEO plugin. -->","yoast_head_json":{"title":"Pubblicazioni - FBK ISR","robots":{"index":"index","follow":"follow","max-snippet":"max-snippet:-1","max-image-preview":"max-image-preview:large","max-video-preview":"max-video-preview:-1"},"canonical":"https:\/\/isr.fbk.eu\/it\/publications\/","og_locale":"it_IT","og_type":"article","og_url":"https:\/\/isr.fbk.eu\/it\/publications\/","og_site_name":"FBK ISR","article_modified_time":"2022-11-17T12:15:12+00:00","twitter_card":"summary_large_image","twitter_misc":{"Tempo di lettura stimato":"6 minuti"},"schema":{"@context":"https:\/\/schema.org","@graph":[{"@type":"WebPage","@id":"https:\/\/isr.fbk.eu\/it\/publications\/","url":"https:\/\/isr.fbk.eu\/it\/publications\/","name":"Pubblicazioni - FBK ISR","isPartOf":{"@id":"https:\/\/isr.fbk.eu\/it\/#website"},"datePublished":"2017-06-12T10:25:13+00:00","dateModified":"2022-11-17T12:15:12+00:00","breadcrumb":{"@id":"https:\/\/isr.fbk.eu\/it\/publications\/#breadcrumb"},"inLanguage":"it-IT","potentialAction":[{"@type":"ReadAction","target":["https:\/\/isr.fbk.eu\/it\/publications\/"]}]},{"@type":"BreadcrumbList","@id":"https:\/\/isr.fbk.eu\/it\/publications\/#breadcrumb","itemListElement":[{"@type":"ListItem","position":1,"name":"Home","item":"https:\/\/isr.fbk.eu\/it\/"},{"@type":"ListItem","position":2,"name":"Pubblicazioni"}]},{"@type":"WebSite","@id":"https:\/\/isr.fbk.eu\/it\/#website","url":"https:\/\/isr.fbk.eu\/it\/","name":"FBK ISR","description":"Just another WordPress site","potentialAction":[{"@type":"SearchAction","target":{"@type":"EntryPoint","urlTemplate":"https:\/\/isr.fbk.eu\/it\/?s={search_term_string}"},"query-input":{"@type":"PropertyValueSpecification","valueRequired":true,"valueName":"search_term_string"}}],"inLanguage":"it-IT"}]}},"meta_box":{"_more_label":"","_more_page":"","_top_contents":"","_bottom_contents":"","_styles":"","_primary_highlights":[{"target":"_self","layout":"align-center","size":"half"}],"_secondary_highlights":[{"target":"_self"}],"_homepage_shortcuts":[{"section_shortcuts":[{"shortcut_link":{"shortcut_link_target":"_self"}}]}],"_homepage_call_to_action":{"destination_target":"_self"},"_highlights_limit":"","_highlights_page":"","_events_limit":"4","_events_page":"","_news_limit":"4","_news_page":"","_contacts_locations_sections":[{"entries":[{"entry_thumbnail":{"entry_thumbnail_mode":"image"}}]}],"type":"fbkevent","category":[],"ordering":"","_past_projects_style":"default","_projects":[{"style":"default"}],"_sections":[{"title":"Annali","taxonomy":["31"]},{"title":"Collane","taxonomy":["35","32"]},{"title":"Altre Pubblicazioni"}],"_network_and_partners_sections":[],"_tabbed_contents_sections":[],"_blocks":[{"block_thumbnail":{"block_thumbnail_mode":"none"},"links":[{"link_target":"_self"}]}],"_blocks_navigation":"","_latest_publications_limit":"3","_latest_publications_style":"default","_latest_publications_entries":[{"entry_type":"page"}],"_publications_highlights":[{"publication_type":"none"}],"_publications_custom":[],"_publications_filters_years":"","_publications_filters_number_of_years":"","_publications_filters_from_year":"2017","_publications_filters_until_year":"2017","_publications_filters_count":"","_sidebar":"","_outline":"","_outline_title":"","_page_list_by_areas_display_mode":"","_page_list_by_areas_area":[],"_area":"","_areas_overview_directors":[],"_areas_overview_managers_status":"all","_areas_overview_managers_mode":"automatic","_areas_overview_managers":[],"_areas_overview_heads_status":"all","_areas_overview_heads_mode":"automatic","_areas_overview_heads":[],"_areas_overview_people_status":"all","_areas_overview_people_mode":"automatic","_areas_overview_people":[],"_area_units_mode":"automatic","_area_units_posts":[]},"_links":{"self":[{"href":"https:\/\/isr.fbk.eu\/it\/wp-json\/wp\/v2\/pages\/94","targetHints":{"allow":["GET"]}}],"collection":[{"href":"https:\/\/isr.fbk.eu\/it\/wp-json\/wp\/v2\/pages"}],"about":[{"href":"https:\/\/isr.fbk.eu\/it\/wp-json\/wp\/v2\/types\/page"}],"author":[{"embeddable":true,"href":"https:\/\/isr.fbk.eu\/it\/wp-json\/wp\/v2\/users\/1"}],"replies":[{"embeddable":true,"href":"https:\/\/isr.fbk.eu\/it\/wp-json\/wp\/v2\/comments?post=94"}],"version-history":[{"count":0,"href":"https:\/\/isr.fbk.eu\/it\/wp-json\/wp\/v2\/pages\/94\/revisions"}],"wp:attachment":[{"href":"https:\/\/isr.fbk.eu\/it\/wp-json\/wp\/v2\/media?parent=94"}],"curies":[{"name":"wp","href":"https:\/\/api.w.org\/{rel}","templated":true}]}}